{"id":6,"date":"2017-05-31T16:39:25","date_gmt":"2017-05-31T14:39:25","guid":{"rendered":"http:\/\/domicil-gruppe.de\/wohnen_mit_service\/?page_id=6"},"modified":"2018-10-29T23:00:49","modified_gmt":"2018-10-29T22:00:49","slug":"wohneinheitengrundrisse","status":"publish","type":"page","link":"https:\/\/domicil-gruppe.de\/wohnen_mit_service\/wohneinheitengrundrisse\/","title":{"rendered":"Wohneinheiten\/Grundrisse"},"content":{"rendered":"<p>[vc_row full_width=&#8220;stretch_row_content_no_spaces&#8220;][vc_column css=&#8220;.vc_custom_1530303582620{margin-top: 0px !important;border-top-width: 0px !important;padding-top: 0px !important;}&#8220;][vc_single_image image=&#8220;188&#8243; img_size=&#8220;full&#8220; alignment=&#8220;center&#8220; image_hovers=&#8220;false&#8220; css=&#8220;.vc_custom_1540114968277{margin-top: 0px !important;margin-bottom: 0px !important;border-top-width: 0px !important;border-bottom-width: 0px !important;padding-top: 0px !important;padding-bottom: 0px !important;}&#8220;][vc_separator color=&#8220;orange&#8220;][\/vc_column][\/vc_row][vc_row][vc_column width=&#8220;1\/6&#8243;][\/vc_column][vc_column width=&#8220;2\/3&#8243;][vc_column_text]<\/p>\n<h2 style=\"text-align: center;\">Unsere Wohneinheiten<\/h2>\n<p>Es werden 40 Wohnungen an der Sandtrift (fr\u00fcherer Penny-Markt) entstehen. Die Wohnungsgr\u00f6\u00dfen sind unterschiedlich. 30 Wohnungen haben eine Gr\u00f6\u00dfe von ca. 65 qm, 2 Wohnungen eine Gr\u00f6\u00dfe von 70 qm und weitere 2 Wohnungen eine Gr\u00f6\u00dfe von 50 qm. Hinzu kommen 6 weitere Penthouse-wohnungen in den Gr\u00f6\u00dfen von 50 qm bis 102 qm. Es handelt sich selbstverst\u00e4ndlich um barrierefreie und seniorengerechte Wohnungen. Jede Wohnung hat je nach Lage einen ger\u00e4umigen Balkon, eine Terrasse oder eine Loggia. Die Balkone sind mit undurchsichtigen Glaseinfassungen versehen. Kellerr\u00e4ume sind f\u00fcr jede Wohnung vorgesehen. Zwei Aufz\u00fcge sind im Haus vorhanden. F\u00fcr Sicherheit ist durch Kamera\u00fcberwachung, Notruf usw. gesorgt. Das Haus ist ein Energieef\ufb01zienzhaus, also die festen Kosten f\u00fcr Heizung fallen besonders niedrig aus. Die Bauweise ist solide und sicher.[\/vc_column_text][vc_column_text]<\/p>\n<h2 style=\"text-align: center;\">Exklusive Ausstattung<\/h2>\n<p>Die Ausstattung der Wohnungen ist exklusiv im hochwertigen mediterranen Design. Eine stilvolle Au\u00dfenanlage und gro\u00dfz\u00fcgige Park\ufb02\u00e4chen sind Garanten f\u00fcr hohe Wohn- und Lebensqualit\u00e4t. Es ist ein Veranstaltungs- und Gemeinschaftsraum mit K\u00fcche vorgesehen, die jeder Mieter f\u00fcr besondere Gelegenheiten (Familienfeiern etc.) nutzen kann.[\/vc_column_text][vc_column_text]<\/p>\n<h2 style=\"text-align: center;\">Grundrisse auf einen Blick<\/h2>\n<p>Hier k\u00f6nnen Sie bereits gerne einen Blick auf die Grundrisse der verschiedene Wohneinheiten werfen. <strong>Klicken Sie dazu auf den gew\u00fcnschten Wohnungs-Typ.<\/strong><\/p>\n<p><a href=\"https:\/\/domicil-gruppe.de\/wohnen_mit_service\/wp-content\/uploads\/2017\/05\/typ1.pdf\">Wohnung Typ1 (64,38 qm) &gt;&gt;&gt;<\/a><\/p>\n<p><a href=\"https:\/\/domicil-gruppe.de\/wohnen_mit_service\/wp-content\/uploads\/2017\/05\/typ3.pdf\">Wohnung Typ 3 (63,71 qm) &gt;&gt;&gt;<\/a><\/p>\n<p><a href=\"https:\/\/domicil-gruppe.de\/wohnen_mit_service\/wp-content\/uploads\/2017\/05\/Typ4.pdf\">Wohnung Typ 4 (70,84 qm) &gt;&gt;&gt;<\/a><\/p>\n<p><a href=\"https:\/\/domicil-gruppe.de\/wohnen_mit_service\/wp-content\/uploads\/2017\/05\/typ5.pdf\">Wohnung Typ 5 (49,15 qm) &gt;&gt;&gt;<\/a><\/p>\n<p><a href=\"https:\/\/domicil-gruppe.de\/wohnen_mit_service\/wp-content\/uploads\/2017\/05\/whg38.pdf\">Penthouse-Wohnung (102,22 qm) &gt;&gt;&gt;<\/a><\/p>\n<p><a href=\"https:\/\/domicil-gruppe.de\/wohnen_mit_service\/wp-content\/uploads\/2018\/01\/whg35.pdf\">Wohnung 35 (90,09 qm) &gt;&gt;&gt;<\/a><\/p>\n<p><a href=\"https:\/\/domicil-gruppe.de\/wohnen_mit_service\/wp-content\/uploads\/2018\/01\/whg36.pdf\">Wohnung 36 (69,95 qm) &gt;&gt;&gt;<\/a><\/p>\n<p><a href=\"https:\/\/domicil-gruppe.de\/wohnen_mit_service\/wp-content\/uploads\/2018\/01\/whg37.pdf\">Wohnung 37 (90,08 qm) &gt;&gt;&gt;<\/a><\/p>\n<p><a href=\"https:\/\/domicil-gruppe.de\/wohnen_mit_service\/wp-content\/uploads\/2018\/01\/whg39.pdf\">Wohnung 39 (96,01 qm) &gt;&gt;&gt;<\/a><\/p>\n<p><a href=\"https:\/\/domicil-gruppe.de\/wohnen_mit_service\/wp-content\/uploads\/2018\/01\/whg40.pdf\">Wohnung 40 (48,37 qm) &gt;&gt;&gt;<\/a>[\/vc_column_text][vc_column_text]<\/p>\n<h2 style=\"text-align: center;\">Alle Informationen finden Sie in unserer aktuellen Brosch\u00fcre.<\/h2>\n<h3 style=\"text-align: center;\">\u00a0<a href=\"https:\/\/domicil-gruppe.de\/wohnen_mit_service\/wp-content\/uploads\/2018\/06\/Wohnen-mit-Service.pdf\" target=\"_blank\" rel=\"noopener\"><img loading=\"lazy\" decoding=\"async\" class=\"alignnone size-full wp-image-137\" src=\"https:\/\/domicil-gruppe.de\/wohnen_mit_service\/wp-content\/uploads\/2018\/06\/Brosch\u00fcre.png\" alt=\"\" width=\"125\" height=\"180\" \/>\u00a0<\/a><br \/>\n<a href=\"https:\/\/domicil-gruppe.de\/wohnen_mit_service\/wp-content\/uploads\/2018\/06\/Wohnen-mit-Service.pdf\" target=\"_blank\" rel=\"noopener\">HIER KLICKEN<\/a><\/h3>\n<p>[\/vc_column_text][\/vc_column][vc_column width=&#8220;1\/6&#8243;][\/vc_column][\/vc_row]<\/p>\n","protected":false},"excerpt":{"rendered":"<p>[vc_row full_width=&#8220;stretch_row_content_no_spaces&#8220;][vc_column css=&#8220;.vc_custom_1530303582620{margin-top: 0px !important;border-top-width: 0px !important;padding-top: 0px !important;}&#8220;][vc_single_image image=&#8220;188&#8243; img_size=&#8220;full&#8220; alignment=&#8220;center&#8220; image_hovers=&#8220;false&#8220; css=&#8220;.vc_custom_1540114968277{margin-top: 0px !important;margin-bottom: 0px !important;border-top-width: 0px !important;border-bottom-width: 0px !important;padding-top: 0px !important;padding-bottom: 0px !important;}&#8220;][vc_separator color=&#8220;orange&#8220;][\/vc_column][\/vc_row][vc_row][vc_column width=&#8220;1\/6&#8243;][\/vc_column][vc_column width=&#8220;2\/3&#8243;][vc_column_text] Unsere Wohneinheiten Es werden 40 Wohnungen an der Sandtrift (fr\u00fcherer Penny-Markt) entstehen. Die Wohnungsgr\u00f6\u00dfen sind unterschiedlich. 30 Wohnungen haben eine Gr\u00f6\u00dfe von ca. 65 qm, 2&hellip;<\/p>\n","protected":false},"author":1,"featured_media":0,"parent":0,"menu_order":0,"comment_status":"closed","ping_status":"closed","template":"","meta":{"footnotes":""},"class_list":["post-6","page","type-page","status-publish","hentry","description-off"],"_links":{"self":[{"href":"https:\/\/domicil-gruppe.de\/wohnen_mit_service\/wp-json\/wp\/v2\/pages\/6","targetHints":{"allow":["GET"]}}],"collection":[{"href":"https:\/\/domicil-gruppe.de\/wohnen_mit_service\/wp-json\/wp\/v2\/pages"}],"about":[{"href":"https:\/\/domicil-gruppe.de\/wohnen_mit_service\/wp-json\/wp\/v2\/types\/page"}],"author":[{"embeddable":true,"href":"https:\/\/domicil-gruppe.de\/wohnen_mit_service\/wp-json\/wp\/v2\/users\/1"}],"replies":[{"embeddable":true,"href":"https:\/\/domicil-gruppe.de\/wohnen_mit_service\/wp-json\/wp\/v2\/comments?post=6"}],"version-history":[{"count":39,"href":"https:\/\/domicil-gruppe.de\/wohnen_mit_service\/wp-json\/wp\/v2\/pages\/6\/revisions"}],"predecessor-version":[{"id":202,"href":"https:\/\/domicil-gruppe.de\/wohnen_mit_service\/wp-json\/wp\/v2\/pages\/6\/revisions\/202"}],"wp:attachment":[{"href":"https:\/\/domicil-gruppe.de\/wohnen_mit_service\/wp-json\/wp\/v2\/media?parent=6"}],"curies":[{"name":"wp","href":"https:\/\/api.w.org\/{rel}","templated":true}]}}