{"id":105,"date":"2018-06-29T20:13:34","date_gmt":"2018-06-29T18:13:34","guid":{"rendered":"http:\/\/domicil-gruppe.de\/wohnen_mit_service\/?page_id=105"},"modified":"2019-09-04T14:37:55","modified_gmt":"2019-09-04T12:37:55","slug":"wohnen-mit-service","status":"publish","type":"page","link":"https:\/\/domicil-gruppe.de\/wohnen_mit_service\/","title":{"rendered":"Wohnen mit Service"},"content":{"rendered":"<p>[vc_row full_width=&#8220;stretch_row_content_no_spaces&#8220; css=&#8220;.vc_custom_1530303538392{margin-top: 0px !important;border-top-width: 0px !important;padding-top: 0px !important;}&#8220;][vc_column css=&#8220;.vc_custom_1530303580550{margin-top: 0px !important;border-top-width: 0px !important;padding-top: 0px !important;}&#8220;][vc_single_image image=&#8220;208&#8243; img_size=&#8220;full&#8220; alignment=&#8220;center&#8220; image_hovers=&#8220;false&#8220; css=&#8220;.vc_custom_1546519094619{margin-top: 0px !important;margin-bottom: 0px !important;border-top-width: 0px !important;border-bottom-width: 0px !important;padding-top: 0px !important;padding-bottom: 0px !important;}&#8220;][vc_separator color=&#8220;orange&#8220;][\/vc_column][\/vc_row][vc_row][vc_column width=&#8220;1\/6&#8243;][\/vc_column][vc_column width=&#8220;2\/3&#8243;][vc_column_text]<\/p>\n<h2 style=\"text-align: center;\">Wohnen mit Service<\/h2>\n<p>[\/vc_column_text][vc_column_text]Das <strong>\u201eSENIOREN DOMICIL Wohnen mit Service\u201c<\/strong> ist die L\u00f6sung f\u00fcr viele \u00e4ltere Menschen, die so lange wie m\u00f6glich selbstst\u00e4ndig leben m\u00f6chten. Ein eigener Haushalt ist daf\u00fcr die beste Grundlage. Wenn jedoch das eigene Zuhause, die dazu geh\u00f6renden Au\u00dfen\ufb02\u00e4chen und der Garten zu einer Belastung werden oder sich nicht an die gesundheitliche Situation anpassen lassen, ist <strong>\u201eWohnen mit Service\u201c<\/strong> die ideale Alternative: Sich um nichts mehr k\u00fcmmern m\u00fcssen und Service, so wie es die Lebenslage verlangt, in Anspruch nehmen. Neben einem normalen Mietverh\u00e4ltnis kann man zus\u00e4tzlich verschiedene Serviceleistungen dauerhaft oder f\u00fcr einen selbst festgelegten Zeitraum in Anspruch nehmen.[\/vc_column_text][vc_column_text]34 Wohnungen von 50 &#8211; 70 m\u00b2<br \/>\n6 Penthousewohnungen von 50 &#8211; 102 m\u00b2<br \/>\nBalkon, Terrasse oder Loggia<br \/>\nKellerr\u00e4ume f\u00fcr jede Wohnung<\/p>\n<ul>\n<li>Exclusive Ausstattung<\/li>\n<li>2 Aufz\u00fcge<\/li>\n<li>Hohe Sicherheitsstandards\u00a0mit Kamera\u00fcberwachung, Notruf, usw.<\/li>\n<li>Veranstaltungsraum mit K\u00fcche<\/li>\n<li>Barrierefrei\/seniorengerecht<\/li>\n<li>Gro\u00dffl\u00e4chige Au\u00dfenparkpl\u00e4tze<\/li>\n<li>Stilvolle Au\u00dfenanlage<\/li>\n<li>Hochwertiges mediterranes Design<\/li>\n<li>Hohe Wohn- und Lebensqualit\u00e4t<\/li>\n<li>Energieeffizienzhaus<\/li>\n<li>Solide und sicher gebaut<\/li>\n<\/ul>\n<p>[\/vc_column_text][vc_masonry_media_grid element_width=&#8220;12&#8243; grid_id=&#8220;vc_gid:1567600526072-25b05fa7-beaf-7&#8243; include=&#8220;210&#8243;][vc_masonry_media_grid element_width=&#8220;3&#8243; grid_id=&#8220;vc_gid:1567600526075-0c5e08bb-edf3-3&#8243; include=&#8220;197,198,196,195,194,193,192,180,179,178,177&#8243;][\/vc_column][vc_column width=&#8220;1\/6&#8243;][\/vc_column][\/vc_row]<\/p>\n","protected":false},"excerpt":{"rendered":"<p>[vc_row full_width=&#8220;stretch_row_content_no_spaces&#8220; css=&#8220;.vc_custom_1530303538392{margin-top: 0px !important;border-top-width: 0px !important;padding-top: 0px !important;}&#8220;][vc_column css=&#8220;.vc_custom_1530303580550{margin-top: 0px !important;border-top-width: 0px !important;padding-top: 0px !important;}&#8220;][vc_single_image image=&#8220;208&#8243; img_size=&#8220;full&#8220; alignment=&#8220;center&#8220; image_hovers=&#8220;false&#8220; css=&#8220;.vc_custom_1546519094619{margin-top: 0px !important;margin-bottom: 0px !important;border-top-width: 0px !important;border-bottom-width: 0px !important;padding-top: 0px !important;padding-bottom: 0px !important;}&#8220;][vc_separator color=&#8220;orange&#8220;][\/vc_column][\/vc_row][vc_row][vc_column width=&#8220;1\/6&#8243;][\/vc_column][vc_column width=&#8220;2\/3&#8243;][vc_column_text] Wohnen mit Service [\/vc_column_text][vc_column_text]Das \u201eSENIOREN DOMICIL Wohnen mit Service\u201c ist die L\u00f6sung f\u00fcr viele \u00e4ltere Menschen, die so lange&hellip;<\/p>\n","protected":false},"author":1,"featured_media":0,"parent":0,"menu_order":0,"comment_status":"closed","ping_status":"closed","template":"","meta":{"footnotes":""},"class_list":["post-105","page","type-page","status-publish","hentry","description-off"],"_links":{"self":[{"href":"https:\/\/domicil-gruppe.de\/wohnen_mit_service\/wp-json\/wp\/v2\/pages\/105","targetHints":{"allow":["GET"]}}],"collection":[{"href":"https:\/\/domicil-gruppe.de\/wohnen_mit_service\/wp-json\/wp\/v2\/pages"}],"about":[{"href":"https:\/\/domicil-gruppe.de\/wohnen_mit_service\/wp-json\/wp\/v2\/types\/page"}],"author":[{"embeddable":true,"href":"https:\/\/domicil-gruppe.de\/wohnen_mit_service\/wp-json\/wp\/v2\/users\/1"}],"replies":[{"embeddable":true,"href":"https:\/\/domicil-gruppe.de\/wohnen_mit_service\/wp-json\/wp\/v2\/comments?post=105"}],"version-history":[{"count":27,"href":"https:\/\/domicil-gruppe.de\/wohnen_mit_service\/wp-json\/wp\/v2\/pages\/105\/revisions"}],"predecessor-version":[{"id":217,"href":"https:\/\/domicil-gruppe.de\/wohnen_mit_service\/wp-json\/wp\/v2\/pages\/105\/revisions\/217"}],"wp:attachment":[{"href":"https:\/\/domicil-gruppe.de\/wohnen_mit_service\/wp-json\/wp\/v2\/media?parent=105"}],"curies":[{"name":"wp","href":"https:\/\/api.w.org\/{rel}","templated":true}]}}