{"id":42,"date":"2014-11-27T18:13:16","date_gmt":"2014-11-27T18:13:16","guid":{"rendered":"http:\/\/domicil-gruppe.de\/neuweserland\/?page_id=42"},"modified":"2019-09-04T12:52:37","modified_gmt":"2019-09-04T12:52:37","slug":"minden","status":"publish","type":"page","link":"https:\/\/domicil-gruppe.de\/neuweserland\/minden\/","title":{"rendered":"Minden"},"content":{"rendered":"<p>[vc_row full_width=&#8220;stretch_row_content_no_spaces&#8220;][vc_column][vc_single_image image=&#8220;599&#8243; img_size=&#8220;full&#8220; alignment=&#8220;center&#8220; image_hovers=&#8220;false&#8220; css=&#8220;.vc_custom_1567601555093{margin-bottom: 0px !important;border-bottom-width: 0px !important;padding-bottom: 0px !important;}&#8220;][vc_separator color=&#8220;orange&#8220;][\/vc_column][\/vc_row][vc_row][vc_column width=&#8220;1\/6&#8243;][\/vc_column][vc_column width=&#8220;2\/3&#8243;][vc_column_text]<\/p>\n<h2 style=\"text-align: center;\"><span style=\"color: #000000;\">Die Stadt Minden<\/span><\/h2>\n<p>[\/vc_column_text]<div class=\"gap\" style=\"line-height: 20px; height: 20px;\"><\/div>[vc_column_text]<\/p>\n<p style=\"text-align: justify;\"><span style=\"color: #2d2d2d;\">Das 1.200 Jahre alte Minden liegt in Ostwestfalen, an der Weser, 40 km nord\u00f6stlich von Bielefeld und 55 km westlich von Hannover entfernt. Minden hat 82.000 Einwohner und ist eine lebhafte und liebensw\u00fcrdige Mittelstadt.<\/span><\/p>\n<p style=\"text-align: justify;\"><span style=\"color: #2d2d2d;\">Die Stadt besitzt viele Sehensw\u00fcrdigkeiten. Der \u00fcber 1.000 Jahre alte Dom ist ber\u00fchmt und ein besonderes Kleinod im Herzen von Minden. Ein paar Schritte weiter gibt es das Rathaus mit der \u00e4ltesten gotischen Rathauslaube Deutschlands. Die an der Weser gelegene altert\u00fcmliche Fischerstadt l\u00e4dt ein zum Bummeln und Staunen. In der oberen Altstadt existieren noch zahlreiche mittelalterliche Fachwerkh\u00e4user.<\/span><\/p>\n<p style=\"text-align: justify;\"><span style=\"color: #2d2d2d;\">Zus\u00e4tzlich bietet Minden eine besondere Touristenattraktion, das Wasserstra\u00dfenkreuz, das zweitgr\u00f6\u00dfte Deutschlands. Hier wird der Mittellandkanal \u00fcber die Weser gef\u00fchrt. Auf beiden Wasserwegen verkehrt im Sommer die stolze \u201eWei\u00dfe Flotte\u201c. Es gibt zahlreiche Museen in Minden. Reizvoll ist das Heimatmuseum in der Innenstadt. Besonders attraktiv und in einem Geb\u00e4ude vom preu\u00dfischen Bauherrn Schinkel untergebracht stellt sich das Preu\u00dfen-Museum dar.<\/span><\/p>\n<p style=\"text-align: justify;\"><span style=\"color: #2d2d2d;\">Minden bietet Vergn\u00fcgungen, Kunst und Kultur im gesamten Jahresbogen. Im Winterhalbjahr l\u00e4dt das besonders h\u00fcbsche historische Stadttheater zu diversen Vorstellungen ein, im Sommer ist die Weserpromenade Tummelplatz f\u00fcr allerlei Aktivit\u00e4ten. Auf dem Marktplatz und in der gesamten Innenstadt werden zahlreiche Feste gefeiert. Minden ist auch als Einkaufsstadt sehr beliebt. Aus der n\u00e4heren und weiteren Umgebung wissen Kunden die individuellen Einkaufsquellen zu sch\u00e4tzen.<\/span><\/p>\n<p style=\"text-align: justify;\"><span style=\"color: #2d2d2d;\">Die Stadt ist von einem park\u00e4hnlichen Gr\u00fcng\u00fcrtel umgeben. Wasser und Gr\u00fcn begegnen einem auf Schritt und Tritt. Das Umland ist reizvoll mit dem Panorama des Weser- und Wiehengebirges und zahlreichen M\u00fchlen des danach benannten M\u00fchlenkreises.<\/span><\/p>\n<p>[\/vc_column_text][\/vc_column][vc_column width=&#8220;1\/6&#8243;][\/vc_column][\/vc_row]<\/p>\n","protected":false},"excerpt":{"rendered":"<p>[vc_row full_width=&#8220;stretch_row_content_no_spaces&#8220;][vc_column][vc_single_image image=&#8220;599&#8243; img_size=&#8220;full&#8220; alignment=&#8220;center&#8220; image_hovers=&#8220;false&#8220; css=&#8220;.vc_custom_1567601555093{margin-bottom: 0px !important;border-bottom-width: 0px !important;padding-bottom: 0px !important;}&#8220;][vc_separator color=&#8220;orange&#8220;][\/vc_column][\/vc_row][vc_row][vc_column width=&#8220;1\/6&#8243;][\/vc_column][vc_column width=&#8220;2\/3&#8243;][vc_column_text] Die Stadt Minden [\/vc_column_text][vc_column_text] Das 1.200 Jahre alte Minden liegt in Ostwestfalen, an der Weser, 40 km nord\u00f6stlich von Bielefeld und 55 km westlich von Hannover entfernt. Minden hat 82.000 Einwohner und ist eine lebhafte und liebensw\u00fcrdige Mittelstadt. Die&hellip;<\/p>\n","protected":false},"author":1,"featured_media":0,"parent":0,"menu_order":0,"comment_status":"closed","ping_status":"closed","template":"","meta":{"footnotes":""},"class_list":["post-42","page","type-page","status-publish","hentry","description-off"],"_links":{"self":[{"href":"https:\/\/domicil-gruppe.de\/neuweserland\/wp-json\/wp\/v2\/pages\/42","targetHints":{"allow":["GET"]}}],"collection":[{"href":"https:\/\/domicil-gruppe.de\/neuweserland\/wp-json\/wp\/v2\/pages"}],"about":[{"href":"https:\/\/domicil-gruppe.de\/neuweserland\/wp-json\/wp\/v2\/types\/page"}],"author":[{"embeddable":true,"href":"https:\/\/domicil-gruppe.de\/neuweserland\/wp-json\/wp\/v2\/users\/1"}],"replies":[{"embeddable":true,"href":"https:\/\/domicil-gruppe.de\/neuweserland\/wp-json\/wp\/v2\/comments?post=42"}],"version-history":[{"count":10,"href":"https:\/\/domicil-gruppe.de\/neuweserland\/wp-json\/wp\/v2\/pages\/42\/revisions"}],"predecessor-version":[{"id":665,"href":"https:\/\/domicil-gruppe.de\/neuweserland\/wp-json\/wp\/v2\/pages\/42\/revisions\/665"}],"wp:attachment":[{"href":"https:\/\/domicil-gruppe.de\/neuweserland\/wp-json\/wp\/v2\/media?parent=42"}],"curies":[{"name":"wp","href":"https:\/\/api.w.org\/{rel}","templated":true}]}}