{"id":40,"date":"2014-11-27T18:13:00","date_gmt":"2014-11-27T18:13:00","guid":{"rendered":"http:\/\/domicil-gruppe.de\/neuweserland\/?page_id=40"},"modified":"2023-02-09T19:14:57","modified_gmt":"2023-02-09T19:14:57","slug":"wohnen","status":"publish","type":"page","link":"https:\/\/domicil-gruppe.de\/neuweserland\/wohnen\/","title":{"rendered":"Wohnen"},"content":{"rendered":"<p>[vc_row full_width=&#8220;stretch_row_content_no_spaces&#8220;][vc_column][vc_single_image image=&#8220;603&#8243; img_size=&#8220;full&#8220; alignment=&#8220;center&#8220; image_hovers=&#8220;false&#8220; css=&#8220;.vc_custom_1567601598015{margin-bottom: 0px !important;border-bottom-width: 0px !important;padding-bottom: 0px !important;}&#8220;][vc_separator color=&#8220;orange&#8220;][\/vc_column][\/vc_row][vc_row][vc_column width=&#8220;1\/6&#8243;][\/vc_column][vc_column width=&#8220;2\/3&#8243;][vc_column_text]<\/p>\n<h2 style=\"text-align: center;\"><span style=\"color: #000000;\">Wohnen<\/span><\/h2>\n<p>[\/vc_column_text]<div class=\"gap\" style=\"line-height: 20px; height: 20px;\"><\/div>[vc_column_text]<\/p>\n<p style=\"text-align: left;\"><span style=\"color: #000000;\">In unserer Senioreneinrichtung sind 75 Pflegeappartements f\u00fcr alle Pflegestufen und 34 Pl\u00e4tze als gerontopsychiatrische Facheinrichtung f\u00fcr Demenzkranke entstanden. Die einzelnen Appartements auf drei Ebenen sind zur guten Orientierung in die drei Wohnbereiche \u201eAltstadt\u201c, \u201eFischerstadt\u201c und \u201eWeserdorf\u201c aufgeteilt.<\/span><\/p>\n<p style=\"text-align: left;\"><span style=\"color: #000000;\">Die Appartements haben eine Gr\u00f6\u00dfe von 28 bis 40 qm f\u00fcr eine Person und 55 bis 70 qm f\u00fcr zwei Personen. Diese komfortable Gr\u00f6\u00dfe ist ein Novum im Mindener Bereich und sucht in der n\u00e4heren und weiteren Umgebung ihresgleichen. Die Einzelzimmer der Wohngruppe f\u00fcr gerontopsychiatrisch ver\u00e4nderte Bewohner haben eine Gr\u00f6\u00dfe von 21 bis 23 qm einschlie\u00dflich Nasszelle.<\/span><\/p>\n<p>[\/vc_column_text][vc_column_text]<\/p>\n<p style=\"text-align: left;\"><span style=\"color: #000000;\">Jedes Bewohnerappartement verf\u00fcgt \u00fcber ein behindertengerechtes und ger\u00e4umiges Bad, best\u00fcckt mit besten sanit\u00e4ren Objekten und geschmackvollen Fliesen. Eine Gestaltung des eigenen Wohnraumes mit pers\u00f6nlichen M\u00f6beln und Gegenst\u00e4nden aus der alten Wohnung ist ausdr\u00fccklich erw\u00fcnscht. Jedes Bewohnerappartement besitzt eine kleine K\u00fcchenzeile mit Sp\u00fcle, K\u00fchlschrank und H\u00e4ngeschr\u00e4nken.<\/span><\/p>\n<p>[\/vc_column_text][vc_media_grid grid_id=&#8220;vc_gid:1675969923111-98741b02-6e9b-7&#8243; include=&#8220;113,112,110,111,109,107,108,105,104&#8243;][vc_column_text]<\/p>\n<p style=\"text-align: left;\"><span style=\"color: #000000;\"><b>Gemeinschaftsr\u00e4ume<\/b><\/span><br \/>\n<span style=\"color: #000000;\"> Im Erdgeschoss befinden sich einige der insgesamt 15 Gemeinschafts- und Therapier\u00e4ume. Es gibt ein separates und sehr gem\u00fctliches Caf\u00e9\/Bistro und daneben das Restaurant, in dem die Mahlzeiten eingenommen werden.<\/span><\/p>\n<p style=\"text-align: left;\"><span style=\"color: #000000;\"><img decoding=\"async\" class=\"ngg_displayed_gallery mceItem\" src=\"https:\/\/domicil-gruppe.de\/neuweserland\/nextgen-attach_to_post\/preview\/id--317\" alt=\"\" \/><\/span><span style=\"color: #000000;\">Das Foyer gleicht einer Hotelhalle und ist ebenfalls wie die sch\u00f6nen Terrassen vor und hinter dem Haus, der gesch\u00fctzte und gro\u00dfe Innenhof mit Springbrunnen und die Gartenanlage mit Teich ein beliebter Treffpunkt f\u00fcr alle Bewohner.<\/span><\/p>\n<p>&nbsp;<\/p>\n<p style=\"text-align: center;\"><a href=\"https:\/\/domicil-gruppe.de\/neuweserland\/wp-content\/uploads\/2023\/02\/Prospekt-SDW-2022-MR-Web.pdf\">Hier geht es zu unserem aktuellen Prospekt!<\/a><\/p>\n<p>[\/vc_column_text][vc_media_grid element_width=&#8220;3&#8243; grid_id=&#8220;vc_gid:1675969923111-fb7c8438-fa94-10&#8243; include=&#8220;125,124,122,123,121,120,119,118&#8243;][\/vc_column][vc_column width=&#8220;1\/6&#8243;][\/vc_column][\/vc_row]<\/p>\n","protected":false},"excerpt":{"rendered":"<p>[vc_row full_width=&#8220;stretch_row_content_no_spaces&#8220;][vc_column][vc_single_image image=&#8220;603&#8243; img_size=&#8220;full&#8220; alignment=&#8220;center&#8220; image_hovers=&#8220;false&#8220; css=&#8220;.vc_custom_1567601598015{margin-bottom: 0px !important;border-bottom-width: 0px !important;padding-bottom: 0px !important;}&#8220;][vc_separator color=&#8220;orange&#8220;][\/vc_column][\/vc_row][vc_row][vc_column width=&#8220;1\/6&#8243;][\/vc_column][vc_column width=&#8220;2\/3&#8243;][vc_column_text] Wohnen [\/vc_column_text][vc_column_text] In unserer Senioreneinrichtung sind 75 Pflegeappartements f\u00fcr alle Pflegestufen und 34 Pl\u00e4tze als gerontopsychiatrische Facheinrichtung f\u00fcr Demenzkranke entstanden. Die einzelnen Appartements auf drei Ebenen sind zur guten Orientierung in die drei Wohnbereiche \u201eAltstadt\u201c, \u201eFischerstadt\u201c und \u201eWeserdorf\u201c aufgeteilt.&hellip;<\/p>\n","protected":false},"author":1,"featured_media":0,"parent":0,"menu_order":0,"comment_status":"closed","ping_status":"closed","template":"","meta":{"footnotes":""},"class_list":["post-40","page","type-page","status-publish","hentry","description-off"],"_links":{"self":[{"href":"https:\/\/domicil-gruppe.de\/neuweserland\/wp-json\/wp\/v2\/pages\/40","targetHints":{"allow":["GET"]}}],"collection":[{"href":"https:\/\/domicil-gruppe.de\/neuweserland\/wp-json\/wp\/v2\/pages"}],"about":[{"href":"https:\/\/domicil-gruppe.de\/neuweserland\/wp-json\/wp\/v2\/types\/page"}],"author":[{"embeddable":true,"href":"https:\/\/domicil-gruppe.de\/neuweserland\/wp-json\/wp\/v2\/users\/1"}],"replies":[{"embeddable":true,"href":"https:\/\/domicil-gruppe.de\/neuweserland\/wp-json\/wp\/v2\/comments?post=40"}],"version-history":[{"count":27,"href":"https:\/\/domicil-gruppe.de\/neuweserland\/wp-json\/wp\/v2\/pages\/40\/revisions"}],"predecessor-version":[{"id":689,"href":"https:\/\/domicil-gruppe.de\/neuweserland\/wp-json\/wp\/v2\/pages\/40\/revisions\/689"}],"wp:attachment":[{"href":"https:\/\/domicil-gruppe.de\/neuweserland\/wp-json\/wp\/v2\/media?parent=40"}],"curies":[{"name":"wp","href":"https:\/\/api.w.org\/{rel}","templated":true}]}}