{"id":38,"date":"2014-11-27T18:12:39","date_gmt":"2014-11-27T18:12:39","guid":{"rendered":"http:\/\/domicil-gruppe.de\/neuweserland\/?page_id=38"},"modified":"2023-02-13T06:47:10","modified_gmt":"2023-02-13T06:47:10","slug":"kosten","status":"publish","type":"page","link":"https:\/\/domicil-gruppe.de\/neuweserland\/kosten\/","title":{"rendered":"Kosten"},"content":{"rendered":"<p>[vc_row full_width=&#8220;stretch_row_content_no_spaces&#8220;][vc_column][vc_single_image image=&#8220;597&#8243; img_size=&#8220;full&#8220; alignment=&#8220;center&#8220; image_hovers=&#8220;false&#8220; css=&#8220;.vc_custom_1567601505455{margin-bottom: 0px !important;border-bottom-width: 0px !important;padding-bottom: 0px !important;}&#8220;][vc_separator color=&#8220;orange&#8220;][\/vc_column][\/vc_row][vc_row][vc_column width=&#8220;1\/6&#8243;][\/vc_column][vc_column width=&#8220;2\/3&#8243;][vc_column_text]<\/p>\n<h2 style=\"text-align: center;\"><span style=\"color: #000000;\">Kosten<\/span><\/h2>\n<p>[\/vc_column_text]<div class=\"gap\" style=\"line-height: 20px; height: 20px;\"><\/div>[vc_column_text]<\/p>\n<p style=\"text-align: justify;\"><span style=\"color: #2d2d2d;\">Um zu uns zu kommen, ist es nicht notwendig<\/span><\/p>\n<ul style=\"text-align: justify;\">\n<li><span style=\"color: #2d2d2d;\">\u00fcber ein hohes monatliches Einkommen zu verf\u00fcgen,<\/span><\/li>\n<li><span style=\"color: #2d2d2d;\">sich in unser Haus einzukaufen oder<\/span><\/li>\n<li><span style=\"color: #2d2d2d;\">eine Kaution als Sicherheit zu hinterlegen.<\/span><\/li>\n<\/ul>\n<p style=\"text-align: justify;\"><span style=\"color: #2d2d2d;\">In unseren Tagess\u00e4tzen sind alle Leistungen unserer Einrichtung lt. Leistungsverzeichnis enthalten. Alle vorgenannten in unserer Homepage aufgez\u00e4hlten Informationen und Angaben sind nur Ausz\u00fcge und unvollst\u00e4ndig. Bitte teilen Sie uns mit, wenn Sie unseren Hausprospekt w\u00fcnschen. Am Besten, Sie besuchen uns und \u00fcberzeugen sich vor Ort.<\/span><\/p>\n<p>[\/vc_column_text]<div class=\"gap\" style=\"line-height: 60px; height: 60px;\"><\/div>[vc_column_text]<a href=\"https:\/\/domicil-gruppe.de\/neuweserland\/wp-content\/uploads\/2023\/02\/Prospekt-SDW-2022-MR-Web.pdf\">Hier geht es zu unserem aktuellen Prospekt!<\/a>[\/vc_column_text][\/vc_column][vc_column width=&#8220;1\/6&#8243;][\/vc_column][\/vc_row]<\/p>\n","protected":false},"excerpt":{"rendered":"<p>[vc_row full_width=&#8220;stretch_row_content_no_spaces&#8220;][vc_column][vc_single_image image=&#8220;597&#8243; img_size=&#8220;full&#8220; alignment=&#8220;center&#8220; image_hovers=&#8220;false&#8220; css=&#8220;.vc_custom_1567601505455{margin-bottom: 0px !important;border-bottom-width: 0px !important;padding-bottom: 0px !important;}&#8220;][vc_separator color=&#8220;orange&#8220;][\/vc_column][\/vc_row][vc_row][vc_column width=&#8220;1\/6&#8243;][\/vc_column][vc_column width=&#8220;2\/3&#8243;][vc_column_text] Kosten [\/vc_column_text][vc_column_text] Um zu uns zu kommen, ist es nicht notwendig \u00fcber ein hohes monatliches Einkommen zu verf\u00fcgen, sich in unser Haus einzukaufen oder eine Kaution als Sicherheit zu hinterlegen. In unseren Tagess\u00e4tzen sind alle Leistungen unserer Einrichtung lt.&hellip;<\/p>\n","protected":false},"author":1,"featured_media":0,"parent":0,"menu_order":0,"comment_status":"closed","ping_status":"closed","template":"","meta":{"footnotes":""},"class_list":["post-38","page","type-page","status-publish","hentry","description-off"],"_links":{"self":[{"href":"https:\/\/domicil-gruppe.de\/neuweserland\/wp-json\/wp\/v2\/pages\/38","targetHints":{"allow":["GET"]}}],"collection":[{"href":"https:\/\/domicil-gruppe.de\/neuweserland\/wp-json\/wp\/v2\/pages"}],"about":[{"href":"https:\/\/domicil-gruppe.de\/neuweserland\/wp-json\/wp\/v2\/types\/page"}],"author":[{"embeddable":true,"href":"https:\/\/domicil-gruppe.de\/neuweserland\/wp-json\/wp\/v2\/users\/1"}],"replies":[{"embeddable":true,"href":"https:\/\/domicil-gruppe.de\/neuweserland\/wp-json\/wp\/v2\/comments?post=38"}],"version-history":[{"count":24,"href":"https:\/\/domicil-gruppe.de\/neuweserland\/wp-json\/wp\/v2\/pages\/38\/revisions"}],"predecessor-version":[{"id":694,"href":"https:\/\/domicil-gruppe.de\/neuweserland\/wp-json\/wp\/v2\/pages\/38\/revisions\/694"}],"wp:attachment":[{"href":"https:\/\/domicil-gruppe.de\/neuweserland\/wp-json\/wp\/v2\/media?parent=38"}],"curies":[{"name":"wp","href":"https:\/\/api.w.org\/{rel}","templated":true}]}}