{"id":36,"date":"2014-11-27T18:12:21","date_gmt":"2014-11-27T18:12:21","guid":{"rendered":"http:\/\/domicil-gruppe.de\/neuweserland\/?page_id=36"},"modified":"2019-09-04T12:51:19","modified_gmt":"2019-09-04T12:51:19","slug":"betreuung","status":"publish","type":"page","link":"https:\/\/domicil-gruppe.de\/neuweserland\/betreuung\/","title":{"rendered":"Betreuung"},"content":{"rendered":"<p>[vc_row full_width=&#8220;stretch_row_content_no_spaces&#8220;][vc_column][vc_single_image image=&#8220;595&#8243; img_size=&#8220;full&#8220; alignment=&#8220;center&#8220; css=&#8220;.vc_custom_1567601475369{margin-bottom: 0px !important;border-bottom-width: 0px !important;padding-bottom: 0px !important;}&#8220;][vc_separator color=&#8220;orange&#8220;][\/vc_column][\/vc_row][vc_row][vc_column width=&#8220;1\/6&#8243;][\/vc_column][vc_column width=&#8220;2\/3&#8243;][vc_column_text]<\/p>\n<h2 style=\"text-align: center;\"><span style=\"color: #000000;\">Betreuung<\/span><\/h2>\n<p>[\/vc_column_text]<div class=\"gap\" style=\"line-height: 20px; height: 20px;\"><\/div>[vc_column_text]<\/p>\n<p style=\"text-align: justify;\"><span style=\"color: #2d2d2d;\"><b>\u00c4rztliche Betreuung<\/b><\/span><\/p>\n<p style=\"text-align: justify;\"><span style=\"color: #2d2d2d;\">Die medizinische Betreuung \u00fcbernimmt ein Arzt Ihrer Wahl. Verschiedene Fach\u00e4rzte kommen regelm\u00e4\u00dfig und nach Bedarf zu Visiten ins Haus. Die \u00c4rzte sind unsere Partner in der Sorge um das Wohlergehen unserer Bewohner.<\/span><\/p>\n<p style=\"text-align: justify;\"><span style=\"color: #2d2d2d;\"><b>Ergotherapie \/ Freizeitgestaltung<\/b><\/span><\/p>\n<p style=\"text-align: justify;\"><span style=\"color: #2d2d2d;\">Im umfassenden Angebot unseres Hauses finden Sie:<\/span><\/p>\n<ul style=\"text-align: justify;\">\n<li><span style=\"color: #2d2d2d;\">Bewegungstherapie (fachlich gef\u00fchrte Seniorengymnastik)<\/span><\/li>\n<li><span style=\"color: #2d2d2d;\">\u00a0Psychosoziale Therapie<\/span><\/li>\n<li><span style=\"color: #2d2d2d;\">\u00a0Kunsttherapie<\/span><\/li>\n<li><span style=\"color: #2d2d2d;\">\u00a0Motorisch-funktionale Therapie<\/span><\/li>\n<li><span style=\"color: #2d2d2d;\">\u00a0Orientierungs- und Ged\u00e4chtnistraining<\/span><\/li>\n<li><span style=\"color: #2d2d2d;\">\u00a0Spiele- und Bastelstunden<\/span><\/li>\n<li><span style=\"color: #2d2d2d;\">\u00a0Dia-Vortr\u00e4ge<\/span><\/li>\n<li><span style=\"color: #2d2d2d;\">\u00a0Vorlesungen, gemeinsames Musizieren und Gesang<\/span><\/li>\n<li><span style=\"color: #2d2d2d;\">\u00a0W\u00f6chentlich stattfindende Ausfl\u00fcge mit dem hauseigenen Bus<\/span><\/li>\n<li><span style=\"color: #2d2d2d;\">\u00a0Angebote der Stadtverwaltung<\/span><\/li>\n<li><span style=\"color: #2d2d2d;\">\u00a0Jahresfeierlichkeiten wie Fr\u00fchlings- und Sommerfeste, Oster- und Weihnachtsfeiern<\/span><\/li>\n<li><span style=\"color: #2d2d2d;\">\u00a0Weitere Angebote<\/span><\/li>\n<\/ul>\n<p style=\"text-align: justify;\"><span style=\"color: #2d2d2d;\"><b>Seelsorgerische Betreuung<\/b><\/span><br \/>\n<span style=\"color: #2d2d2d;\"> Unser Haus wird christlich gef\u00fchrt, das hei\u00dft im Sinne von Liebe zum Menschen und Achtung der Menschenw\u00fcrde. Es ist jedoch konfessionsneutral. Neuapostolische, evangelische und katholische Kirchen finden Sie in unmittelbarer Nachbarschaft. Regelm\u00e4\u00dfig besuchen auch Seelsorger der neuapostolischen, evangelischen und katholischen Kirche unsere Einrichtung.<\/span><\/p>\n<p>[\/vc_column_text][\/vc_column][vc_column width=&#8220;1\/6&#8243;][\/vc_column][\/vc_row]<\/p>\n","protected":false},"excerpt":{"rendered":"<p>[vc_row full_width=&#8220;stretch_row_content_no_spaces&#8220;][vc_column][vc_single_image image=&#8220;595&#8243; img_size=&#8220;full&#8220; alignment=&#8220;center&#8220; css=&#8220;.vc_custom_1567601475369{margin-bottom: 0px !important;border-bottom-width: 0px !important;padding-bottom: 0px !important;}&#8220;][vc_separator color=&#8220;orange&#8220;][\/vc_column][\/vc_row][vc_row][vc_column width=&#8220;1\/6&#8243;][\/vc_column][vc_column width=&#8220;2\/3&#8243;][vc_column_text] Betreuung [\/vc_column_text][vc_column_text] \u00c4rztliche Betreuung Die medizinische Betreuung \u00fcbernimmt ein Arzt Ihrer Wahl. Verschiedene Fach\u00e4rzte kommen regelm\u00e4\u00dfig und nach Bedarf zu Visiten ins Haus. Die \u00c4rzte sind unsere Partner in der Sorge um das Wohlergehen unserer Bewohner. Ergotherapie \/ Freizeitgestaltung Im&hellip;<\/p>\n","protected":false},"author":1,"featured_media":0,"parent":0,"menu_order":0,"comment_status":"closed","ping_status":"closed","template":"","meta":{"footnotes":""},"class_list":["post-36","page","type-page","status-publish","hentry","description-off"],"_links":{"self":[{"href":"https:\/\/domicil-gruppe.de\/neuweserland\/wp-json\/wp\/v2\/pages\/36","targetHints":{"allow":["GET"]}}],"collection":[{"href":"https:\/\/domicil-gruppe.de\/neuweserland\/wp-json\/wp\/v2\/pages"}],"about":[{"href":"https:\/\/domicil-gruppe.de\/neuweserland\/wp-json\/wp\/v2\/types\/page"}],"author":[{"embeddable":true,"href":"https:\/\/domicil-gruppe.de\/neuweserland\/wp-json\/wp\/v2\/users\/1"}],"replies":[{"embeddable":true,"href":"https:\/\/domicil-gruppe.de\/neuweserland\/wp-json\/wp\/v2\/comments?post=36"}],"version-history":[{"count":12,"href":"https:\/\/domicil-gruppe.de\/neuweserland\/wp-json\/wp\/v2\/pages\/36\/revisions"}],"predecessor-version":[{"id":661,"href":"https:\/\/domicil-gruppe.de\/neuweserland\/wp-json\/wp\/v2\/pages\/36\/revisions\/661"}],"wp:attachment":[{"href":"https:\/\/domicil-gruppe.de\/neuweserland\/wp-json\/wp\/v2\/media?parent=36"}],"curies":[{"name":"wp","href":"https:\/\/api.w.org\/{rel}","templated":true}]}}