{"id":32,"date":"2014-11-27T18:11:39","date_gmt":"2014-11-27T18:11:39","guid":{"rendered":"http:\/\/domicil-gruppe.de\/neuweserland\/?page_id=32"},"modified":"2023-02-09T19:16:33","modified_gmt":"2023-02-09T19:16:33","slug":"leistungen","status":"publish","type":"page","link":"https:\/\/domicil-gruppe.de\/neuweserland\/leistungen\/","title":{"rendered":"Leistungen"},"content":{"rendered":"<p>[vc_row full_width=&#8220;stretch_row_content_no_spaces&#8220;][vc_column][vc_single_image image=&#8220;598&#8243; img_size=&#8220;full&#8220; alignment=&#8220;center&#8220; image_hovers=&#8220;false&#8220; css=&#8220;.vc_custom_1567601545360{margin-bottom: 0px !important;border-bottom-width: 0px !important;padding-bottom: 0px !important;}&#8220;][vc_separator color=&#8220;orange&#8220;][\/vc_column][\/vc_row][vc_row][vc_column width=&#8220;1\/6&#8243;][\/vc_column][vc_column width=&#8220;2\/3&#8243;][vc_column_text]<\/p>\n<h2 style=\"text-align: center;\"><span style=\"color: #000000;\">Leistungen<\/span><\/h2>\n<p>[\/vc_column_text]<div class=\"gap\" style=\"line-height: 20px; height: 20px;\"><\/div>[vc_column_text]<\/p>\n<h3 style=\"text-align: left;\"><span style=\"color: #2d2d2d;\"><b>Essen und Trinken<\/b><\/span><\/h3>\n<p style=\"text-align: left;\"><span style=\"color: #2d2d2d;\">Die Speisen werden sorgf\u00e4ltig, abwechslungsreich, vollwertig und schmackhaft durch die hauseigene K\u00fcche hergestellt. Die K\u00f6che verf\u00fcgen \u00fcber Spezialkenntnisse in der Zubereitung von Di\u00e4tkost. Jeder Bewohner kann nach seinen W\u00fcnschen unbegrenzt Speisen und Getr\u00e4nke zu sich nehmen. Zu allen Mahlzeiten werden entsprechende Getr\u00e4nke gereicht. Kostenlose Getr\u00e4nke wie Wasser, Kaffee, Tee oder S\u00e4fte stehen in ausreichender Menge zur Verf\u00fcgung.<\/span><\/p>\n<p style=\"text-align: left;\"><span style=\"color: #2d2d2d;\">Es werden folgende Haupt- und Zwischenmahlzeiten gereicht: <\/span><\/p>\n<ul style=\"text-align: left;\">\n<li style=\"text-align: justify;\"><span style=\"color: #2d2d2d;\">Fr\u00fchst\u00fccksbuffet <\/span><\/li>\n<li style=\"text-align: justify;\"><span style=\"color: #2d2d2d;\">Mittagessen mit Salatbuffet (Auswahl von mindestens zwei Gerichten) <\/span><\/li>\n<li style=\"text-align: justify;\"><span style=\"color: #2d2d2d;\">nachmittags Kaffee und Kuchen <\/span><\/li>\n<li style=\"text-align: justify;\"><span style=\"color: #2d2d2d;\">und am Abend wieder ein Buffet. <\/span><\/li>\n<\/ul>\n<p style=\"text-align: left;\"><span style=\"color: #2d2d2d;\">Falls gew\u00fcnscht oder erforderlich, kann auch noch eine Sp\u00e4tmahlzeit eingenommen werden. Es kann im eigenen Appartement oder gemeinschaftlich im Speiseraum gegessen werden.<\/span><\/p>\n<p style=\"text-align: left;\"><span style=\"color: #2d2d2d;\">F\u00fcr individuelle Feiern stehen die verschiedenen Gemeinschaftsr\u00e4ume, das Restaurant oder das Caf\u00e9 zur Verf\u00fcgung. Unser Personal bereitet gern die Tischdekoration vor und bedient w\u00e4hrend einer Feier.<\/span><\/p>\n<h3 style=\"text-align: left;\"><span style=\"color: #2d2d2d;\"><b>W\u00e4sche<\/b><\/span><\/h3>\n<p style=\"text-align: left;\"><span style=\"color: #2d2d2d;\">W\u00e4sche und Bekleidung (au\u00dfer Oberbekleidung) werden durch unser Haus gewaschen. Eine chemische Reinigung steht f\u00fcr Oberbekleidung regelm\u00e4\u00dfig zur Verf\u00fcgung. Bettw\u00e4sche und Handt\u00fccher werden vom Haus gestellt u. gereinigt.<\/span><\/p>\n<h3 style=\"text-align: left;\"><span style=\"color: #2d2d2d;\"><b>Hausreinigung<\/b><\/span><\/h3>\n<p style=\"text-align: left;\"><span style=\"color: #2d2d2d;\">Die Appartements werden vom Reinigungspersonal ges\u00e4ubert und gepflegt.<\/span><\/p>\n<h3 style=\"text-align: left;\"><span style=\"color: #2d2d2d;\"><b>Friseur<\/b><\/span><\/h3>\n<p style=\"text-align: left;\"><span style=\"color: #2d2d2d;\">Ein hauseigener Friseursalon ist vorhanden.<\/span><\/p>\n<p style=\"text-align: left;\"><span style=\"color: #2d2d2d;\"><b>Es k\u00f6nnen folgende Service-Dienste kostenlos in Anspruch genommen werden:<\/b><\/span><br \/>\n<span style=\"color: #2d2d2d;\"> Wocheneinkauf, Apothekendienst, Hausmeisterdienst, Bibliothek, Postversand und regelm\u00e4\u00dfige Stadtfahrten durch unseren Fahrservice.<\/span><\/p>\n<p style=\"text-align: left;\"><span style=\"color: #2d2d2d;\">Ferner vermitteln wir f\u00fcr Sie Arzttermine, Krankengymnasten, Logop\u00e4den, Fu\u00dfpflegetermine, Taxifahrten, Service bei Brillen und H\u00f6rger\u00e4ten, Fahrten zu Beh\u00f6rden usw.<\/span><\/p>\n<p>&nbsp;<\/p>\n<p style=\"text-align: center;\"><a href=\"https:\/\/domicil-gruppe.de\/neuweserland\/wp-content\/uploads\/2023\/02\/Prospekt-SDW-2022-MR-Web.pdf\">Hier geht es zu unserem aktuellen Prospekt!<\/a><\/p>\n<p>[\/vc_column_text]<div class=\"gap\" style=\"line-height: 20px; height: 20px;\"><\/div>[\/vc_column][vc_column width=&#8220;1\/6&#8243;][\/vc_column][\/vc_row]<\/p>\n","protected":false},"excerpt":{"rendered":"<p>[vc_row full_width=&#8220;stretch_row_content_no_spaces&#8220;][vc_column][vc_single_image image=&#8220;598&#8243; img_size=&#8220;full&#8220; alignment=&#8220;center&#8220; image_hovers=&#8220;false&#8220; css=&#8220;.vc_custom_1567601545360{margin-bottom: 0px !important;border-bottom-width: 0px !important;padding-bottom: 0px !important;}&#8220;][vc_separator color=&#8220;orange&#8220;][\/vc_column][\/vc_row][vc_row][vc_column width=&#8220;1\/6&#8243;][\/vc_column][vc_column width=&#8220;2\/3&#8243;][vc_column_text] Leistungen [\/vc_column_text][vc_column_text] Essen und Trinken Die Speisen werden sorgf\u00e4ltig, abwechslungsreich, vollwertig und schmackhaft durch die hauseigene K\u00fcche hergestellt. Die K\u00f6che verf\u00fcgen \u00fcber Spezialkenntnisse in der Zubereitung von Di\u00e4tkost. Jeder Bewohner kann nach seinen W\u00fcnschen unbegrenzt Speisen und Getr\u00e4nke zu&hellip;<\/p>\n","protected":false},"author":1,"featured_media":0,"parent":0,"menu_order":0,"comment_status":"closed","ping_status":"closed","template":"","meta":{"footnotes":""},"class_list":["post-32","page","type-page","status-publish","hentry","description-off"],"_links":{"self":[{"href":"https:\/\/domicil-gruppe.de\/neuweserland\/wp-json\/wp\/v2\/pages\/32","targetHints":{"allow":["GET"]}}],"collection":[{"href":"https:\/\/domicil-gruppe.de\/neuweserland\/wp-json\/wp\/v2\/pages"}],"about":[{"href":"https:\/\/domicil-gruppe.de\/neuweserland\/wp-json\/wp\/v2\/types\/page"}],"author":[{"embeddable":true,"href":"https:\/\/domicil-gruppe.de\/neuweserland\/wp-json\/wp\/v2\/users\/1"}],"replies":[{"embeddable":true,"href":"https:\/\/domicil-gruppe.de\/neuweserland\/wp-json\/wp\/v2\/comments?post=32"}],"version-history":[{"count":16,"href":"https:\/\/domicil-gruppe.de\/neuweserland\/wp-json\/wp\/v2\/pages\/32\/revisions"}],"predecessor-version":[{"id":691,"href":"https:\/\/domicil-gruppe.de\/neuweserland\/wp-json\/wp\/v2\/pages\/32\/revisions\/691"}],"wp:attachment":[{"href":"https:\/\/domicil-gruppe.de\/neuweserland\/wp-json\/wp\/v2\/media?parent=32"}],"curies":[{"name":"wp","href":"https:\/\/api.w.org\/{rel}","templated":true}]}}