{"id":2,"date":"2014-11-27T14:35:38","date_gmt":"2014-11-27T14:35:38","guid":{"rendered":"http:\/\/domicil-gruppe.de\/neuweserland\/?page_id=2"},"modified":"2023-02-09T19:09:29","modified_gmt":"2023-02-09T19:09:29","slug":"start-2","status":"publish","type":"page","link":"https:\/\/domicil-gruppe.de\/neuweserland\/","title":{"rendered":"Start"},"content":{"rendered":"<p>[vc_row full_width=&#8220;stretch_row_content_no_spaces&#8220;][vc_column][vc_single_image image=&#8220;601&#8243; img_size=&#8220;full&#8220; alignment=&#8220;center&#8220; image_hovers=&#8220;false&#8220; css=&#8220;.vc_custom_1567601613287{margin-bottom: 0px !important;border-bottom-width: 0px !important;padding-bottom: 0px !important;}&#8220;][vc_separator color=&#8220;orange&#8220;][\/vc_column][\/vc_row][vc_row][vc_column width=&#8220;1\/6&#8243;][\/vc_column][vc_column width=&#8220;2\/3&#8243;][vc_column_text]<\/p>\n<h2 style=\"text-align: center;\"><span style=\"color: #2d2d2d;\">Herzlich Willkommen<br \/>\n<\/span><span style=\"color: #2d2d2d;\">im SENIOREN DOMICIL WESERLAND<\/span><\/h2>\n<p>[\/vc_column_text]<div class=\"gap\" style=\"line-height: 20px; height: 20px;\"><\/div>[vc_column_text]<\/p>\n<p style=\"text-align: left;\"><span style=\"color: #2d2d2d;\">Die Wahl eines Seniorenheimes ist ein sensibles Thema. Wir wissen, wobei es darauf ankommt:<\/span><\/p>\n<h2 style=\"text-align: center;\"><span style=\"color: #2d2d2d;\">Lebensqualit\u00e4t im Alter!<\/span><\/h2>\n<p style=\"text-align: center;\"><span style=\"color: #2d2d2d;\"><b>Darunter verstehen wir:<\/b><\/span><\/p>\n<ul>\n<li style=\"text-align: left;\"><span style=\"color: #2d2d2d;\">Geborgenheit und liebevolle F\u00fcrsorge in der famili\u00e4ren Gemeinschaft der DOMICIL-Familie<\/span><\/li>\n<li style=\"text-align: left;\"><span style=\"color: #2d2d2d;\">Erhaltung der Selbstst\u00e4ndigkeit und Pers\u00f6nlichkeit<\/span><\/li>\n<li style=\"text-align: left;\"><span style=\"color: #2d2d2d;\">Hochwertiges und stillvolles hotel\u00e4hnliches Ambiente<\/span><\/li>\n<li style=\"text-align: left;\"><span style=\"color: #2d2d2d;\">Anspruchsvoll gestaltete Garten- und Terrassenanlage mit Teich und Brunnen<\/span><\/li>\n<li style=\"text-align: left;\"><span style=\"color: #2d2d2d;\">Ruhig gelegene Wohngegend mit ausgezeichneter Infrastruktur<\/span><\/li>\n<li style=\"text-align: left;\"><span style=\"color: #2d2d2d;\">Gro\u00dfz\u00fcgig gestaltete Einzelpflegeappartements in den Gr\u00f6\u00dfen von 28 qm bis 40 qm f\u00fcr einzelne Personen und 55 qm bis 70 qm f\u00fcr Paare<\/span><\/li>\n<li style=\"text-align: left;\"><span style=\"color: #2d2d2d;\">Beste Betreuung und Pflege rund um die Uhr<\/span><\/li>\n<li style=\"text-align: left;\"><span style=\"color: #2d2d2d;\">Gehobenes Service- und Therapieangebot auch an Wochenenden<\/span><\/li>\n<\/ul>\n<p style=\"text-align: center;\"><a href=\"https:\/\/domicil-gruppe.de\/neuweserland\/wp-content\/uploads\/2023\/02\/Prospekt-SDW-2022-MR-Web.pdf\">Hier geht es zu unserem aktuellen Prospekt!<\/a><\/p>\n<p>[\/vc_column_text][\/vc_column][vc_column width=&#8220;1\/6&#8243;][\/vc_column][\/vc_row]<\/p>\n","protected":false},"excerpt":{"rendered":"<p>[vc_row full_width=&#8220;stretch_row_content_no_spaces&#8220;][vc_column][vc_single_image image=&#8220;601&#8243; img_size=&#8220;full&#8220; alignment=&#8220;center&#8220; image_hovers=&#8220;false&#8220; css=&#8220;.vc_custom_1567601613287{margin-bottom: 0px !important;border-bottom-width: 0px !important;padding-bottom: 0px !important;}&#8220;][vc_separator color=&#8220;orange&#8220;][\/vc_column][\/vc_row][vc_row][vc_column width=&#8220;1\/6&#8243;][\/vc_column][vc_column width=&#8220;2\/3&#8243;][vc_column_text] Herzlich Willkommen im SENIOREN DOMICIL WESERLAND [\/vc_column_text][vc_column_text] Die Wahl eines Seniorenheimes ist ein sensibles Thema. Wir wissen, wobei es darauf ankommt: Lebensqualit\u00e4t im Alter! Darunter verstehen wir: Geborgenheit und liebevolle F\u00fcrsorge in der famili\u00e4ren Gemeinschaft der DOMICIL-Familie Erhaltung der&hellip;<\/p>\n","protected":false},"author":1,"featured_media":0,"parent":0,"menu_order":0,"comment_status":"closed","ping_status":"closed","template":"","meta":{"footnotes":""},"class_list":["post-2","page","type-page","status-publish","hentry","description-off"],"_links":{"self":[{"href":"https:\/\/domicil-gruppe.de\/neuweserland\/wp-json\/wp\/v2\/pages\/2","targetHints":{"allow":["GET"]}}],"collection":[{"href":"https:\/\/domicil-gruppe.de\/neuweserland\/wp-json\/wp\/v2\/pages"}],"about":[{"href":"https:\/\/domicil-gruppe.de\/neuweserland\/wp-json\/wp\/v2\/types\/page"}],"author":[{"embeddable":true,"href":"https:\/\/domicil-gruppe.de\/neuweserland\/wp-json\/wp\/v2\/users\/1"}],"replies":[{"embeddable":true,"href":"https:\/\/domicil-gruppe.de\/neuweserland\/wp-json\/wp\/v2\/comments?post=2"}],"version-history":[{"count":36,"href":"https:\/\/domicil-gruppe.de\/neuweserland\/wp-json\/wp\/v2\/pages\/2\/revisions"}],"predecessor-version":[{"id":687,"href":"https:\/\/domicil-gruppe.de\/neuweserland\/wp-json\/wp\/v2\/pages\/2\/revisions\/687"}],"wp:attachment":[{"href":"https:\/\/domicil-gruppe.de\/neuweserland\/wp-json\/wp\/v2\/media?parent=2"}],"curies":[{"name":"wp","href":"https:\/\/api.w.org\/{rel}","templated":true}]}}