{"id":26,"date":"2014-12-22T07:29:10","date_gmt":"2014-12-22T07:29:10","guid":{"rendered":"http:\/\/domicil-gruppe.de\/neupflegeteam\/?page_id=26"},"modified":"2018-07-18T11:38:19","modified_gmt":"2018-07-18T11:38:19","slug":"pflege","status":"publish","type":"page","link":"https:\/\/domicil-gruppe.de\/neupflegeteam\/pflege\/","title":{"rendered":"Pflege"},"content":{"rendered":"<p>[vc_row full_width=&#8220;stretch_row_content_no_spaces&#8220;][vc_column][vc_single_image image=&#8220;109&#8243; img_size=&#8220;full&#8220; css=&#8220;.vc_custom_1531913896360{margin-bottom: 0px !important;border-bottom-width: 0px !important;padding-bottom: 0px !important;}&#8220;][vc_separator color=&#8220;orange&#8220;][\/vc_column][\/vc_row][vc_row][vc_column width=&#8220;1\/6&#8243;][\/vc_column][vc_column width=&#8220;2\/3&#8243;][vc_column_text]<\/p>\n<h1 style=\"text-align: center;\">Pflege<\/h1>\n<p>[\/vc_column_text]<div class=\"gap\" style=\"line-height: 20px; height: 20px;\"><\/div>[vc_column_text]Unsere gut geschulten Pflegekr\u00e4fte richten ihre Arbeit entsprechend der hohen Qualit\u00e4tsanforderungen durch den medizinischen Dienst der Krankenkassen aus. Jeder Pflegebed\u00fcrftige erh\u00e4lt eine individuelle Pflegeplanung. In regelm\u00e4\u00dfigen Abst\u00e4nden f\u00fchrt die verantwortliche Pflegedienstleitung eine Pflegevisite durch und erg\u00e4nzt gegebenenfalls die Pflegeplanung. Dadurch k\u00f6nnen gemeinsam gesteckte Ziele erreicht werden, und die Lebensqualit\u00e4t bleibt auch im Alter und bei Krankheit erhalten.<\/p>\n<p>Der Pflegeplan ist jederzeit \u00e4nderbar und basiert auf dem Konzept von Frau Professor Monika Krohwinkel. Unsere Pflegeleistungen sind verbindlich und werden per Vertrag fixiert. Unsere Pflege steht unter dem Motto:<\/p>\n<p><em><strong>Das Wohl unserer Patienten steht im Mittelpunkt unseres Handelns!<\/strong><\/em><\/p>\n<p><center><\/center>\u00a0Wir helfen gerne von Mensch zu Mensch. Ihr Wohlergehen liegt uns am Herzen.<br \/>\nWenn Sie noch Fragen haben, stehen wir Ihnen gerne mit einem kostenlosen Beratungsgespr\u00e4ch zur Verf\u00fcgung.<\/p>\n<p>Ein Anruf oder ein Besuch in unserem B\u00fcro wird Sie von vielen Sorgen befreien![\/vc_column_text][\/vc_column][vc_column width=&#8220;1\/6&#8243;][\/vc_column][\/vc_row]<\/p>\n","protected":false},"excerpt":{"rendered":"<p>[vc_row full_width=&#8220;stretch_row_content_no_spaces&#8220;][vc_column][vc_single_image image=&#8220;109&#8243; img_size=&#8220;full&#8220; css=&#8220;.vc_custom_1531913896360{margin-bottom: 0px !important;border-bottom-width: 0px !important;padding-bottom: 0px !important;}&#8220;][vc_separator color=&#8220;orange&#8220;][\/vc_column][\/vc_row][vc_row][vc_column width=&#8220;1\/6&#8243;][\/vc_column][vc_column width=&#8220;2\/3&#8243;][vc_column_text] Pflege [\/vc_column_text][vc_column_text]Unsere gut geschulten Pflegekr\u00e4fte richten ihre Arbeit entsprechend der hohen Qualit\u00e4tsanforderungen durch den medizinischen Dienst der Krankenkassen aus. Jeder Pflegebed\u00fcrftige erh\u00e4lt eine individuelle Pflegeplanung. In regelm\u00e4\u00dfigen Abst\u00e4nden f\u00fchrt die verantwortliche Pflegedienstleitung eine Pflegevisite durch und erg\u00e4nzt gegebenenfalls die Pflegeplanung. Dadurch&hellip;<\/p>\n","protected":false},"author":1,"featured_media":0,"parent":0,"menu_order":0,"comment_status":"closed","ping_status":"closed","template":"","meta":{"_themeisle_gutenberg_block_has_review":false},"_links":{"self":[{"href":"https:\/\/domicil-gruppe.de\/neupflegeteam\/wp-json\/wp\/v2\/pages\/26"}],"collection":[{"href":"https:\/\/domicil-gruppe.de\/neupflegeteam\/wp-json\/wp\/v2\/pages"}],"about":[{"href":"https:\/\/domicil-gruppe.de\/neupflegeteam\/wp-json\/wp\/v2\/types\/page"}],"author":[{"embeddable":true,"href":"https:\/\/domicil-gruppe.de\/neupflegeteam\/wp-json\/wp\/v2\/users\/1"}],"replies":[{"embeddable":true,"href":"https:\/\/domicil-gruppe.de\/neupflegeteam\/wp-json\/wp\/v2\/comments?post=26"}],"version-history":[{"count":8,"href":"https:\/\/domicil-gruppe.de\/neupflegeteam\/wp-json\/wp\/v2\/pages\/26\/revisions"}],"predecessor-version":[{"id":126,"href":"https:\/\/domicil-gruppe.de\/neupflegeteam\/wp-json\/wp\/v2\/pages\/26\/revisions\/126"}],"wp:attachment":[{"href":"https:\/\/domicil-gruppe.de\/neupflegeteam\/wp-json\/wp\/v2\/media?parent=26"}],"curies":[{"name":"wp","href":"https:\/\/api.w.org\/{rel}","templated":true}]}}