{"id":24,"date":"2014-12-22T07:28:52","date_gmt":"2014-12-22T07:28:52","guid":{"rendered":"http:\/\/domicil-gruppe.de\/neupflegeteam\/?page_id=24"},"modified":"2018-07-18T11:35:37","modified_gmt":"2018-07-18T11:35:37","slug":"leistungen","status":"publish","type":"page","link":"https:\/\/domicil-gruppe.de\/neupflegeteam\/leistungen\/","title":{"rendered":"Leistungen"},"content":{"rendered":"<p>[vc_row full_width=&#8220;stretch_row_content_no_spaces&#8220;][vc_column][vc_single_image image=&#8220;108&#8243; img_size=&#8220;full&#8220; css=&#8220;.vc_custom_1531913598997{margin-bottom: 0px !important;border-bottom-width: 0px !important;padding-bottom: 0px !important;border-bottom-color: #dd9933 !important;border-radius: 1px !important;}&#8220;][vc_separator color=&#8220;orange&#8220; css=&#8220;.vc_custom_1531913424955{margin-top: 0px !important;border-top-width: 0px !important;padding-top: 0px !important;}&#8220;][\/vc_column][\/vc_row][vc_row][vc_column width=&#8220;1\/6&#8243;][\/vc_column][vc_column width=&#8220;2\/3&#8243;][vc_column_text]<\/p>\n<h1 style=\"text-align: center;\">Leistungen<\/h1>\n<p>[\/vc_column_text]<div class=\"gap\" style=\"line-height: 20px; height: 20px;\"><\/div>[vc_column_text]<\/p>\n<p style=\"text-align: justify;\">Das PFLEGETEAM DOMICIL besteht aus qualifizierten und f\u00fcrsorglichen Krankenschwestern, Altenpflegerinnen und gut geschulten Pflegeassistentinnen. Wir legen gro\u00dfen Wert auf st\u00e4ndige Qualifizierung und Weiterbildung, um den Anspr\u00fcchen der von uns betreuten Menschen stets gerecht zu werden. F\u00fcr uns stehen die Bed\u00fcrfnisse der kranken und pflegebed\u00fcrftigen Menschen im Vordergrund. Wir stimmen unsere Pflege und Betreuung darauf ab.<\/p>\n<p style=\"text-align: justify;\">Wir vom PFLEGETEAM DOMICIL erfragen Ihren pers\u00f6nlichen Hilfsbedarf und passen unsere Pflege Ihren individuellen Bed\u00fcrfnissen an, denn bei gleicher Krankheit ergeben sich unterschiedliche Bed\u00fcrfnisse und Pflege!<\/p>\n<p style=\"text-align: justify;\"><b>Neben der Grundpflege wie<br \/>\n<\/b><\/p>\n<ul style=\"text-align: justify;\">\n<li>Hilfe beim Waschen<\/li>\n<li>Hilfe beim Ankleiden<\/li>\n<li>Hilfe bei der mundgerechten Vorbereitung und Darreichung von Mahlzeiten<\/li>\n<li>Hilfe beim Bewegungstraining<\/li>\n<li>Patientenlagerung<\/li>\n<li>Betten richten<\/li>\n<li>Toiletteng\u00e4nge<\/li>\n<\/ul>\n<p style=\"text-align: justify;\">\u00fcbernehmen wir f\u00fcr Sie auch hauswirtschaftliche Verrichtungen und begleiten Sie bei Aktivit\u00e4ten.<\/p>\n<p style=\"text-align: justify;\"><b>Es gibt viele M\u00f6glichkeiten, die h\u00e4usliche Pflegesituation zu entlasten \u2013 man muss diese M\u00f6glichkeiten nur kennen wie zum Beispiel:<br \/>\n<\/b><\/p>\n<ul style=\"text-align: justify;\">\n<li>Pflegekurse<\/li>\n<li>Tagespflege<\/li>\n<li>Urlaubs- und Kurzzeitpflege<\/li>\n<li>\u00dcberleitungspflege nach Krankenhausaufenthalten und bei Notwendigkeit einer station\u00e4ren Betreuung<\/li>\n<li>Hilfsmittel<\/li>\n<li>Geldleistungen von den Pflegekassen<\/li>\n<li>Betreuung von demenziell erkrankten Menschen<\/li>\n<\/ul>\n<p style=\"text-align: justify;\">Unsere Pflege kommt wie gerufen \u2013 Tag und Nacht. Sie k\u00f6nnen uns 24 Stunden rund um die Uhr erreichen. Es ist uns besonders wichtig, Ihnen jederzeit die notwendige Hilfe und Unterst\u00fctzung zukommen zu lassen!<\/p>\n<p style=\"text-align: justify;\">Gro\u00dfen Wert legen wir auf eine umfassende Beratung des Hilfsbed\u00fcrftigen und seiner Angeh\u00f6rigen, damit wir bei der oft schwierigen h\u00e4uslichen Pflege optimale Unterst\u00fctzung geben k\u00f6nnen. Aus diesem Grund bieten wir auch h\u00e4usliche Schulungen und Pflegekurse an.<\/p>\n<p style=\"text-align: justify;\"><b>Wir bieten die komplette Pflege und Hilfe mit Herz und Fachwissen. Zur medizinischen Behandlungspflege geh\u00f6ren u.a.:<br \/>\n<\/b>Medikamentengabe<\/p>\n<ul style=\"text-align: justify;\">\n<li>Injektionen<\/li>\n<li>Verbandswechsel<\/li>\n<li>Kompressionsverb\u00e4nde<\/li>\n<li>Einreibungen<\/li>\n<li>Inhalationen<\/li>\n<li>Blutdruckkontrolle<\/li>\n<li>Blutzuckerkontrolle<\/li>\n<li>Spezielle Krankenbeobachtung<\/li>\n<li>Dermatologische B\u00e4der<\/li>\n<li>Versorgung Ern\u00e4hrungssonde<\/li>\n<\/ul>\n<p style=\"text-align: justify;\">Uns ist eine gute Zusammenarbeit mit Krankenkassen, Haus\u00e4rzten und anderen Dienstleistern im Gesundheitswesen sehr wichtig. Deshalb k\u00f6nnen wir Sie umfassend \u00fcber Leistungen der Krankenkassen beraten und Ihnen bei den Formalit\u00e4ten behilflich sein.<\/p>\n<p style=\"text-align: justify;\"><b>Bei der Beschaffung von notwendigen Hilfsmitteln unterst\u00fctzen wir Sie ebenfalls. Wir k\u00fcmmern uns mit allen Informationen um:<br \/>\n<\/b><\/p>\n<ul style=\"text-align: justify;\">\n<li>Pflegebett<\/li>\n<li>Toilettenstuhl<\/li>\n<li>Duschstuhl<\/li>\n<li>Wannenlifter<\/li>\n<li>Rollstuhl<\/li>\n<li>Rollator<\/li>\n<li>Antidekubitusmatratze<\/li>\n<li>Inkontinenzmaterial usw.<\/li>\n<\/ul>\n<p style=\"text-align: justify;\">Wir m\u00f6chten, dass Sie Ihre Anspr\u00fcche auf Leistungen geltend machen.<br \/>\nSie k\u00f6nnen sich auf uns verlassen. Was sein muss, sollen Sie auch bekommen.<\/p>\n<p style=\"text-align: justify;\">Spezialisiert hat sich unsere Einrichtung auf die Betreuung von demenziell erkrankten Menschen. Wir verf\u00fcgen \u00fcber gerontopsychiatrisch ausgebildete Fachkr\u00e4fte, die sich speziell um diese Kranken k\u00fcmmern. Hierbei bieten wir Einzelbetreuung, Gruppennachmittage oder unsere Tagespflegeeinrichtung an. Weiterhin sind wir in der Lage, durch unsere station\u00e4ren Einrichtungen eine Kurzzeit- bzw. Verhinderungspflege zu organisieren.<\/p>\n<p>[\/vc_column_text][\/vc_column][vc_column width=&#8220;1\/6&#8243;][\/vc_column][\/vc_row]<\/p>\n","protected":false},"excerpt":{"rendered":"<p>[vc_row full_width=&#8220;stretch_row_content_no_spaces&#8220;][vc_column][vc_single_image image=&#8220;108&#8243; img_size=&#8220;full&#8220; css=&#8220;.vc_custom_1531913598997{margin-bottom: 0px !important;border-bottom-width: 0px !important;padding-bottom: 0px !important;border-bottom-color: #dd9933 !important;border-radius: 1px !important;}&#8220;][vc_separator color=&#8220;orange&#8220; css=&#8220;.vc_custom_1531913424955{margin-top: 0px !important;border-top-width: 0px !important;padding-top: 0px !important;}&#8220;][\/vc_column][\/vc_row][vc_row][vc_column width=&#8220;1\/6&#8243;][\/vc_column][vc_column width=&#8220;2\/3&#8243;][vc_column_text] Leistungen [\/vc_column_text][vc_column_text] Das PFLEGETEAM DOMICIL besteht aus qualifizierten und f\u00fcrsorglichen Krankenschwestern, Altenpflegerinnen und gut geschulten Pflegeassistentinnen. Wir legen gro\u00dfen Wert auf st\u00e4ndige Qualifizierung und Weiterbildung, um den Anspr\u00fcchen der von&hellip;<\/p>\n","protected":false},"author":1,"featured_media":0,"parent":0,"menu_order":0,"comment_status":"closed","ping_status":"closed","template":"","meta":{"_themeisle_gutenberg_block_has_review":false},"_links":{"self":[{"href":"https:\/\/domicil-gruppe.de\/neupflegeteam\/wp-json\/wp\/v2\/pages\/24"}],"collection":[{"href":"https:\/\/domicil-gruppe.de\/neupflegeteam\/wp-json\/wp\/v2\/pages"}],"about":[{"href":"https:\/\/domicil-gruppe.de\/neupflegeteam\/wp-json\/wp\/v2\/types\/page"}],"author":[{"embeddable":true,"href":"https:\/\/domicil-gruppe.de\/neupflegeteam\/wp-json\/wp\/v2\/users\/1"}],"replies":[{"embeddable":true,"href":"https:\/\/domicil-gruppe.de\/neupflegeteam\/wp-json\/wp\/v2\/comments?post=24"}],"version-history":[{"count":10,"href":"https:\/\/domicil-gruppe.de\/neupflegeteam\/wp-json\/wp\/v2\/pages\/24\/revisions"}],"predecessor-version":[{"id":123,"href":"https:\/\/domicil-gruppe.de\/neupflegeteam\/wp-json\/wp\/v2\/pages\/24\/revisions\/123"}],"wp:attachment":[{"href":"https:\/\/domicil-gruppe.de\/neupflegeteam\/wp-json\/wp\/v2\/media?parent=24"}],"curies":[{"name":"wp","href":"https:\/\/api.w.org\/{rel}","templated":true}]}}