{"id":43,"date":"2014-12-11T06:35:04","date_gmt":"2014-12-11T06:35:04","guid":{"rendered":"http:\/\/domicil-gruppe.de\/neubadeilsen\/?page_id=43"},"modified":"2018-11-30T08:26:03","modified_gmt":"2018-11-30T08:26:03","slug":"start","status":"publish","type":"page","link":"https:\/\/domicil-gruppe.de\/neubadeilsen\/","title":{"rendered":"Start"},"content":{"rendered":"<p>[vc_row full_width=&#8220;stretch_row_content_no_spaces&#8220;][vc_column][vc_single_image image=&#8220;391&#8243; img_size=&#8220;full&#8220; image_hovers=&#8220;false&#8220; css=&#8220;.vc_custom_1531916022410{margin-bottom: 0px !important;border-bottom-width: 0px !important;padding-bottom: 0px !important;}&#8220;][vc_separator color=&#8220;orange&#8220;][\/vc_column][\/vc_row][vc_row][vc_column width=&#8220;1\/6&#8243;][\/vc_column][vc_column width=&#8220;2\/3&#8243;][vc_column_text]<\/p>\n<h2 style=\"text-align: center;\"><span style=\"color: #2d2d2d;\"><br \/>\nHerzlich Willkommen<br \/>\nim SENIOREN DOMICIL Am Kurpark<\/span><\/h2>\n<p>[\/vc_column_text]<div class=\"gap\" style=\"line-height: 30px; height: 30px;\"><\/div>[vc_column_text]<\/p>\n<p style=\"text-align: left;\"><span style=\"color: #2d2d2d;\">Die Wahl eines Seniorenheimes ist ein sensibles Thema. Wir wissen, wobei es darauf ankommt:<\/span><\/p>\n<h2 style=\"text-align: center;\"><span style=\"color: #2d2d2d;\">Lebensqualit\u00e4t im Alter!<\/span><\/h2>\n<p style=\"text-align: center;\"><span style=\"color: #2d2d2d;\"><b>Darunter verstehen wir:<\/b><\/span><\/p>\n<ul>\n<li style=\"text-align: left;\"><span style=\"color: #2d2d2d;\">Geborgenheit und liebevolle F\u00fcrsorge in der famili\u00e4ren Gemeinschaft der DOMICIL-Familie<\/span><\/li>\n<li style=\"text-align: left;\"><span style=\"color: #2d2d2d;\">Erhaltung der Selbstst\u00e4ndigkeit und Pers\u00f6nlichkeit<\/span><\/li>\n<li style=\"text-align: left;\"><span style=\"color: #2d2d2d;\">Hochwertiges und stillvolles hotel\u00e4hnliches Ambiente<\/span><\/li>\n<li style=\"text-align: left;\"><span style=\"color: #2d2d2d;\">Anspruchsvoll gestaltete Garten- und Terrassenanlage mit Teich und Brunnen<\/span><\/li>\n<li style=\"text-align: left;\"><span style=\"color: #2d2d2d;\">Ruhig gelegene Wohngegend mit ausgezeichneter Infrastruktur<\/span><\/li>\n<li style=\"text-align: left;\"><span style=\"color: #2d2d2d;\">Gro\u00dfz\u00fcgig gestaltete Einzelpflegeappartements in den Gr\u00f6\u00dfen von 28 qm bis 40 qm f\u00fcr einzelne Personen und 55 qm bis 70 qm f\u00fcr Paare<\/span><\/li>\n<li style=\"text-align: left;\"><span style=\"color: #2d2d2d;\">Beste Betreuung und Pflege rund um die Uhr<\/span><\/li>\n<li style=\"text-align: left;\"><span style=\"color: #2d2d2d;\">Gehobenes Service- und Therapieangebot auch an Wochenenden<\/span><\/li>\n<\/ul>\n<p>[\/vc_column_text][\/vc_column][vc_column width=&#8220;1\/6&#8243;][\/vc_column][\/vc_row]<\/p>\n","protected":false},"excerpt":{"rendered":"<p>[vc_row full_width=&#8220;stretch_row_content_no_spaces&#8220;][vc_column][vc_single_image image=&#8220;391&#8243; img_size=&#8220;full&#8220; image_hovers=&#8220;false&#8220; css=&#8220;.vc_custom_1531916022410{margin-bottom: 0px !important;border-bottom-width: 0px !important;padding-bottom: 0px !important;}&#8220;][vc_separator color=&#8220;orange&#8220;][\/vc_column][\/vc_row][vc_row][vc_column width=&#8220;1\/6&#8243;][\/vc_column][vc_column width=&#8220;2\/3&#8243;][vc_column_text] Herzlich Willkommen im SENIOREN DOMICIL Am Kurpark [\/vc_column_text][vc_column_text] Die Wahl eines Seniorenheimes ist ein sensibles Thema. Wir wissen, wobei es darauf ankommt: Lebensqualit\u00e4t im Alter! Darunter verstehen wir: Geborgenheit und liebevolle F\u00fcrsorge in der famili\u00e4ren Gemeinschaft der DOMICIL-Familie Erhaltung der&hellip;<\/p>\n","protected":false},"author":1,"featured_media":0,"parent":0,"menu_order":0,"comment_status":"closed","ping_status":"closed","template":"","meta":{"footnotes":""},"class_list":["post-43","page","type-page","status-publish","hentry","description-off"],"_links":{"self":[{"href":"https:\/\/domicil-gruppe.de\/neubadeilsen\/wp-json\/wp\/v2\/pages\/43","targetHints":{"allow":["GET"]}}],"collection":[{"href":"https:\/\/domicil-gruppe.de\/neubadeilsen\/wp-json\/wp\/v2\/pages"}],"about":[{"href":"https:\/\/domicil-gruppe.de\/neubadeilsen\/wp-json\/wp\/v2\/types\/page"}],"author":[{"embeddable":true,"href":"https:\/\/domicil-gruppe.de\/neubadeilsen\/wp-json\/wp\/v2\/users\/1"}],"replies":[{"embeddable":true,"href":"https:\/\/domicil-gruppe.de\/neubadeilsen\/wp-json\/wp\/v2\/comments?post=43"}],"version-history":[{"count":13,"href":"https:\/\/domicil-gruppe.de\/neubadeilsen\/wp-json\/wp\/v2\/pages\/43\/revisions"}],"predecessor-version":[{"id":433,"href":"https:\/\/domicil-gruppe.de\/neubadeilsen\/wp-json\/wp\/v2\/pages\/43\/revisions\/433"}],"wp:attachment":[{"href":"https:\/\/domicil-gruppe.de\/neubadeilsen\/wp-json\/wp\/v2\/media?parent=43"}],"curies":[{"name":"wp","href":"https:\/\/api.w.org\/{rel}","templated":true}]}}