{"id":22,"date":"2014-12-01T10:54:33","date_gmt":"2014-12-01T10:54:33","guid":{"rendered":"http:\/\/domicil-gruppe.de\/neubadeilsen\/?page_id=22"},"modified":"2019-05-13T19:34:35","modified_gmt":"2019-05-13T19:34:35","slug":"kosten","status":"publish","type":"page","link":"https:\/\/domicil-gruppe.de\/neubadeilsen\/kosten\/","title":{"rendered":"Kosten"},"content":{"rendered":"<p>[vc_row full_width=&#8220;stretch_row_content_no_spaces&#8220;][vc_column][vc_single_image image=&#8220;388&#8243; img_size=&#8220;full&#8220; image_hovers=&#8220;false&#8220; css=&#8220;.vc_custom_1531915835534{margin-bottom: 0px !important;border-bottom-width: 0px !important;padding-bottom: 0px !important;}&#8220;][vc_separator color=&#8220;orange&#8220;][\/vc_column][\/vc_row][vc_row][vc_column width=&#8220;1\/6&#8243;][\/vc_column][vc_column width=&#8220;2\/3&#8243;][vc_column_text]<\/p>\n<h1 style=\"text-align: center;\">Kosten<\/h1>\n<p>[\/vc_column_text]<div class=\"gap\" style=\"line-height: 15px; height: 15px;\"><\/div>[vc_column_text]<\/p>\n<p style=\"text-align: left;\">Um zu uns zu kommen, ist es nicht notwendig<\/p>\n<ul style=\"text-align: left;\">\n<li>\u00fcber ein hohes monatliches Einkommen zu verf\u00fcgen,<\/li>\n<li>sich in unser Haus einzukaufen oder<\/li>\n<li>eine Kaution als Sicherheit zu hinterlegen.<\/li>\n<\/ul>\n<p style=\"text-align: left;\">In unseren Tagess\u00e4tzen sind alle Leistungen unserer Einrichtung lt. Leistungsverzeichnis enthalten. Alle vorgenannten in unserer Homepage aufgez\u00e4hlten Informationen und Angaben sind nur Ausz\u00fcge und unvollst\u00e4ndig. Bitte teilen Sie uns mit, wenn Sie unseren Hausprospekt w\u00fcnschen. Am Besten, Sie besuchen uns und \u00fcberzeugen sich vor Ort.<\/p>\n<p>[\/vc_column_text]<div class=\"gap\" style=\"line-height: 20px; height: 20px;\"><\/div>[vc_separator color=&#8220;custom&#8220; accent_color=&#8220;#f78f1e&#8220;]<div class=\"gap\" style=\"line-height: 20px; height: 20px;\"><\/div><div class=\"gap\" style=\"line-height: 200px; height: 200px;\"><\/div>[\/vc_column][vc_column width=&#8220;1\/6&#8243;][\/vc_column][\/vc_row]<\/p>\n","protected":false},"excerpt":{"rendered":"<p>[vc_row full_width=&#8220;stretch_row_content_no_spaces&#8220;][vc_column][vc_single_image image=&#8220;388&#8243; img_size=&#8220;full&#8220; image_hovers=&#8220;false&#8220; css=&#8220;.vc_custom_1531915835534{margin-bottom: 0px !important;border-bottom-width: 0px !important;padding-bottom: 0px !important;}&#8220;][vc_separator color=&#8220;orange&#8220;][\/vc_column][\/vc_row][vc_row][vc_column width=&#8220;1\/6&#8243;][\/vc_column][vc_column width=&#8220;2\/3&#8243;][vc_column_text] Kosten [\/vc_column_text][vc_column_text] Um zu uns zu kommen, ist es nicht notwendig \u00fcber ein hohes monatliches Einkommen zu verf\u00fcgen, sich in unser Haus einzukaufen oder eine Kaution als Sicherheit zu hinterlegen. In unseren Tagess\u00e4tzen sind alle Leistungen unserer Einrichtung lt. Leistungsverzeichnis&hellip;<\/p>\n","protected":false},"author":1,"featured_media":0,"parent":0,"menu_order":0,"comment_status":"closed","ping_status":"closed","template":"","meta":{"footnotes":""},"class_list":["post-22","page","type-page","status-publish","hentry","description-off"],"_links":{"self":[{"href":"https:\/\/domicil-gruppe.de\/neubadeilsen\/wp-json\/wp\/v2\/pages\/22","targetHints":{"allow":["GET"]}}],"collection":[{"href":"https:\/\/domicil-gruppe.de\/neubadeilsen\/wp-json\/wp\/v2\/pages"}],"about":[{"href":"https:\/\/domicil-gruppe.de\/neubadeilsen\/wp-json\/wp\/v2\/types\/page"}],"author":[{"embeddable":true,"href":"https:\/\/domicil-gruppe.de\/neubadeilsen\/wp-json\/wp\/v2\/users\/1"}],"replies":[{"embeddable":true,"href":"https:\/\/domicil-gruppe.de\/neubadeilsen\/wp-json\/wp\/v2\/comments?post=22"}],"version-history":[{"count":19,"href":"https:\/\/domicil-gruppe.de\/neubadeilsen\/wp-json\/wp\/v2\/pages\/22\/revisions"}],"predecessor-version":[{"id":465,"href":"https:\/\/domicil-gruppe.de\/neubadeilsen\/wp-json\/wp\/v2\/pages\/22\/revisions\/465"}],"wp:attachment":[{"href":"https:\/\/domicil-gruppe.de\/neubadeilsen\/wp-json\/wp\/v2\/media?parent=22"}],"curies":[{"name":"wp","href":"https:\/\/api.w.org\/{rel}","templated":true}]}}