{"id":20,"date":"2014-12-01T10:54:15","date_gmt":"2014-12-01T10:54:15","guid":{"rendered":"http:\/\/domicil-gruppe.de\/neubadeilsen\/?page_id=20"},"modified":"2018-10-29T22:15:41","modified_gmt":"2018-10-29T22:15:41","slug":"betreuung","status":"publish","type":"page","link":"https:\/\/domicil-gruppe.de\/neubadeilsen\/betreuung\/","title":{"rendered":"Betreuung"},"content":{"rendered":"<p>[vc_row full_width=&#8220;stretch_row_content_no_spaces&#8220;][vc_column][vc_single_image image=&#8220;406&#8243; img_size=&#8220;full&#8220; css=&#8220;.vc_custom_1531915785579{margin-bottom: 0px !important;border-bottom-width: 0px !important;padding-bottom: 0px !important;}&#8220;][vc_separator color=&#8220;orange&#8220;][\/vc_column][\/vc_row][vc_row][vc_column width=&#8220;1\/6&#8243;][\/vc_column][vc_column width=&#8220;2\/3&#8243;][vc_column_text]<\/p>\n<h1 style=\"text-align: center;\">Betreuung<\/h1>\n<p>[\/vc_column_text]<div class=\"gap\" style=\"line-height: 15px; height: 15px;\"><\/div>[vc_column_text]<\/p>\n<div id=\"main\" class=\"clearfix \">\n<div class=\"avada-row\">\n<div id=\"content\" class=\"full-width\">\n<div id=\"post-4316\" class=\"post-4316 page type-page status-publish hentry\">\n<div class=\"post-content\">\n<p><b>\u00c4rztliche Betreuung<\/b><\/p>\n<p>Die medizinische Betreuung \u00fcbernimmt ein Arzt Ihrer Wahl. Verschiedene Fach\u00e4rzte kommen regelm\u00e4\u00dfig und nach Bedarf zu Visiten ins Haus.<\/p><\/div>\n<\/div>\n<p style=\"text-align: left;\"><b>Ergotherapie\/Freizeitgestaltung<\/b><\/p>\n<p>Im umfassenden Angebot unserer H\u00e4user finden Sie aus dem Bereich Ergotherapie:<\/p>\n<ul style=\"text-align: left;\">\n<li>Bewegungstherapie (fachlich gef\u00fchrte Seniorengymnastik)<\/li>\n<li>\u00a0Psychosoziale Therapie<\/li>\n<li>\u00a0Kunsttherapie<\/li>\n<li>\u00a0Motorisch-funktionelle Therapie<\/li>\n<li>\u00a0Orientierungs- und Ged\u00e4chtnistraining u.v.a.m.<\/li>\n<li>\u00a0Spiele- und Bastelnachmittage<\/li>\n<li>\u00a0Dia-Vortr\u00e4ge<\/li>\n<li>\u00a0Vorlesungen, gemeinsames Musizieren und Gesang<\/li>\n<li>\u00a0W\u00f6chentlich stattfindende Ausfl\u00fcge mit den hauseigenen Bus<\/li>\n<li>\u00a0Angebote der Kurverwaltung (Kurkonzerte u.\u00e4.)<\/li>\n<li>\u00a0Alle Jahresfeierlichkeiten wie z.B. Fr\u00fchlings- und Sommerfest, Oster- und<\/li>\n<li>Weitere Angebote \u2026<\/li>\n<\/ul>\n<p style=\"text-align: left;\"><b>Seelsorgerische Betreuung<\/b><\/p>\n<p>Direkt neben unserer Einrichtung ist die neuapostolische Kirche gelegen. Die evangelische und katholische Gemeinden befindet sich auch nur wenige Meter von unserer Einrichtung entfernt. Regelm\u00e4\u00dfig besuchen auch Seelsorger unterschiedlicher Konfessionen unsere Einrichtung.<\/p>\n<p>[\/vc_column_text][\/vc_column][vc_column width=&#8220;1\/6&#8243;][\/vc_column][\/vc_row]<\/p>\n","protected":false},"excerpt":{"rendered":"<p>[vc_row full_width=&#8220;stretch_row_content_no_spaces&#8220;][vc_column][vc_single_image image=&#8220;406&#8243; img_size=&#8220;full&#8220; css=&#8220;.vc_custom_1531915785579{margin-bottom: 0px !important;border-bottom-width: 0px !important;padding-bottom: 0px !important;}&#8220;][vc_separator color=&#8220;orange&#8220;][\/vc_column][\/vc_row][vc_row][vc_column width=&#8220;1\/6&#8243;][\/vc_column][vc_column width=&#8220;2\/3&#8243;][vc_column_text] Betreuung [\/vc_column_text][vc_column_text] \u00c4rztliche Betreuung Die medizinische Betreuung \u00fcbernimmt ein Arzt Ihrer Wahl. Verschiedene Fach\u00e4rzte kommen regelm\u00e4\u00dfig und nach Bedarf zu Visiten ins Haus. Ergotherapie\/Freizeitgestaltung Im umfassenden Angebot unserer H\u00e4user finden Sie aus dem Bereich Ergotherapie: Bewegungstherapie (fachlich gef\u00fchrte Seniorengymnastik) \u00a0Psychosoziale Therapie&hellip;<\/p>\n","protected":false},"author":1,"featured_media":0,"parent":0,"menu_order":0,"comment_status":"closed","ping_status":"closed","template":"","meta":{"footnotes":""},"class_list":["post-20","page","type-page","status-publish","hentry","description-off"],"_links":{"self":[{"href":"https:\/\/domicil-gruppe.de\/neubadeilsen\/wp-json\/wp\/v2\/pages\/20","targetHints":{"allow":["GET"]}}],"collection":[{"href":"https:\/\/domicil-gruppe.de\/neubadeilsen\/wp-json\/wp\/v2\/pages"}],"about":[{"href":"https:\/\/domicil-gruppe.de\/neubadeilsen\/wp-json\/wp\/v2\/types\/page"}],"author":[{"embeddable":true,"href":"https:\/\/domicil-gruppe.de\/neubadeilsen\/wp-json\/wp\/v2\/users\/1"}],"replies":[{"embeddable":true,"href":"https:\/\/domicil-gruppe.de\/neubadeilsen\/wp-json\/wp\/v2\/comments?post=20"}],"version-history":[{"count":15,"href":"https:\/\/domicil-gruppe.de\/neubadeilsen\/wp-json\/wp\/v2\/pages\/20\/revisions"}],"predecessor-version":[{"id":429,"href":"https:\/\/domicil-gruppe.de\/neubadeilsen\/wp-json\/wp\/v2\/pages\/20\/revisions\/429"}],"wp:attachment":[{"href":"https:\/\/domicil-gruppe.de\/neubadeilsen\/wp-json\/wp\/v2\/media?parent=20"}],"curies":[{"name":"wp","href":"https:\/\/api.w.org\/{rel}","templated":true}]}}