{"id":18,"date":"2014-12-01T10:53:59","date_gmt":"2014-12-01T10:53:59","guid":{"rendered":"http:\/\/domicil-gruppe.de\/neubadeilsen\/?page_id=18"},"modified":"2018-07-18T12:13:38","modified_gmt":"2018-07-18T12:13:38","slug":"pflege","status":"publish","type":"page","link":"https:\/\/domicil-gruppe.de\/neubadeilsen\/pflege\/","title":{"rendered":"Pflege"},"content":{"rendered":"<p>[vc_row full_width=&#8220;stretch_row_content_no_spaces&#8220;][vc_column][vc_single_image image=&#8220;390&#8243; img_size=&#8220;full&#8220; css=&#8220;.vc_custom_1531915876375{margin-bottom: 0px !important;border-bottom-width: 0px !important;padding-bottom: 0px !important;}&#8220;][vc_separator color=&#8220;orange&#8220;][\/vc_column][\/vc_row][vc_row][vc_column width=&#8220;1\/6&#8243;][\/vc_column][vc_column width=&#8220;2\/3&#8243;][vc_column_text]<\/p>\n<h2 style=\"text-align: center;\">Pflege<\/h2>\n<p>[\/vc_column_text]<div class=\"gap\" style=\"line-height: 15px; height: 15px;\"><\/div>[vc_column_text]<\/p>\n<div id=\"main\" class=\"clearfix \">\n<div class=\"avada-row\">\n<div id=\"content\" class=\"full-width\">\n<div id=\"post-4082\" class=\"post-4082 page type-page status-publish hentry\">\n<div class=\"post-content\">\n<p>In unserer Einrichtung arbeiten wir nach dem Pflegemodell von Prof. Dr. Monika Krohwinkel, das angewandte Pflegemodell der Aktivit\u00e4ten und existenziellen Erfahrungen des Lebens. S\u00e4mtliche pflegerische Ma\u00dfnahmen werden durch geschulte Pflegefachkr\u00e4fte und Pflegeassistenten im Tag- und Nachtdienst durchgef\u00fchrt.<\/p>\n<p style=\"text-align: left;\"><b>Pflegekonzept<\/b><br \/>\nWir arbeiten nach dem System der Gruppenpflege. Das hei\u00dft, jeder Mitarbeiter ist im Rahmen seiner Kompetenz und Anwesenheit f\u00fcr eine bestimmte Gruppe von Bewohnern zust\u00e4ndig. Die Eigenverantwortlichkeit des einzelnen Mitarbeiters wird dadurch gef\u00f6rdert und erhalten, die Beziehung zum Bewohner sowie Pflege und Betreuung optimal gestaltet.<br \/>\nDurch die f\u00fcr jeden Bewohner individuell erstellte Pflegeplanung ist ein hoher pflegerischer und betreuerischer Standard gew\u00e4hrleistet. Die Pflegeplanung wird in Zusammenarbeit mit den einzelnen Bereichen des Hauses wie Altenpflege, Krankenpflege, Ergotherapie usw. erstellt. Regelm\u00e4\u00dfige Dienstbesprechungen und \u00dcbergaben sowie Pflegeplanungsgespr\u00e4che gew\u00e4hrleisten im Zuge der Qualit\u00e4tssicherung die st\u00e4ndige \u00dcberwachung der Pflege und Betreuung im Haus. Selbst entwickelte und st\u00e4ndig aktualisierte Pflegestandards unterst\u00fctzen unsere Arbeit im Rahmen der Pflegeplanung. Die Mitarbeiter werden regelm\u00e4\u00dfig intern oder extern geschult.<\/p>\n<\/div>\n<\/div>\n<\/div>\n<\/div>\n<\/div>\n<p>[\/vc_column_text][\/vc_column][vc_column width=&#8220;1\/6&#8243;][\/vc_column][\/vc_row]<\/p>\n","protected":false},"excerpt":{"rendered":"<p>[vc_row full_width=&#8220;stretch_row_content_no_spaces&#8220;][vc_column][vc_single_image image=&#8220;390&#8243; img_size=&#8220;full&#8220; css=&#8220;.vc_custom_1531915876375{margin-bottom: 0px !important;border-bottom-width: 0px !important;padding-bottom: 0px !important;}&#8220;][vc_separator color=&#8220;orange&#8220;][\/vc_column][\/vc_row][vc_row][vc_column width=&#8220;1\/6&#8243;][\/vc_column][vc_column width=&#8220;2\/3&#8243;][vc_column_text] Pflege [\/vc_column_text][vc_column_text] In unserer Einrichtung arbeiten wir nach dem Pflegemodell von Prof. Dr. Monika Krohwinkel, das angewandte Pflegemodell der Aktivit\u00e4ten und existenziellen Erfahrungen des Lebens. S\u00e4mtliche pflegerische Ma\u00dfnahmen werden durch geschulte Pflegefachkr\u00e4fte und Pflegeassistenten im Tag- und Nachtdienst durchgef\u00fchrt. Pflegekonzept Wir&hellip;<\/p>\n","protected":false},"author":1,"featured_media":0,"parent":0,"menu_order":0,"comment_status":"closed","ping_status":"closed","template":"","meta":{"footnotes":""},"class_list":["post-18","page","type-page","status-publish","hentry","description-off"],"_links":{"self":[{"href":"https:\/\/domicil-gruppe.de\/neubadeilsen\/wp-json\/wp\/v2\/pages\/18","targetHints":{"allow":["GET"]}}],"collection":[{"href":"https:\/\/domicil-gruppe.de\/neubadeilsen\/wp-json\/wp\/v2\/pages"}],"about":[{"href":"https:\/\/domicil-gruppe.de\/neubadeilsen\/wp-json\/wp\/v2\/types\/page"}],"author":[{"embeddable":true,"href":"https:\/\/domicil-gruppe.de\/neubadeilsen\/wp-json\/wp\/v2\/users\/1"}],"replies":[{"embeddable":true,"href":"https:\/\/domicil-gruppe.de\/neubadeilsen\/wp-json\/wp\/v2\/comments?post=18"}],"version-history":[{"count":13,"href":"https:\/\/domicil-gruppe.de\/neubadeilsen\/wp-json\/wp\/v2\/pages\/18\/revisions"}],"predecessor-version":[{"id":420,"href":"https:\/\/domicil-gruppe.de\/neubadeilsen\/wp-json\/wp\/v2\/pages\/18\/revisions\/420"}],"wp:attachment":[{"href":"https:\/\/domicil-gruppe.de\/neubadeilsen\/wp-json\/wp\/v2\/media?parent=18"}],"curies":[{"name":"wp","href":"https:\/\/api.w.org\/{rel}","templated":true}]}}