{"id":16,"date":"2014-12-01T10:53:41","date_gmt":"2014-12-01T10:53:41","guid":{"rendered":"http:\/\/domicil-gruppe.de\/neubadeilsen\/?page_id=16"},"modified":"2018-07-18T12:11:12","modified_gmt":"2018-07-18T12:11:12","slug":"leistungen","status":"publish","type":"page","link":"https:\/\/domicil-gruppe.de\/neubadeilsen\/leistungen\/","title":{"rendered":"Leistungen"},"content":{"rendered":"<p>[vc_row full_width=&#8220;stretch_row_content_no_spaces&#8220;][vc_column][vc_single_image image=&#8220;389&#8243; img_size=&#8220;full&#8220; image_hovers=&#8220;false&#8220; css=&#8220;.vc_custom_1531915856357{margin-bottom: 0px !important;border-bottom-width: 0px !important;padding-bottom: 0px !important;}&#8220;][vc_separator color=&#8220;orange&#8220;][\/vc_column][\/vc_row][vc_row][vc_column width=&#8220;1\/6&#8243;][\/vc_column][vc_column width=&#8220;2\/3&#8243;][vc_column_text]<\/p>\n<h2 style=\"text-align: center;\">Leistungen<\/h2>\n<p>[\/vc_column_text]<div class=\"gap\" style=\"line-height: 15px; height: 15px;\"><\/div>[vc_column_text]<\/p>\n<p style=\"text-align: left;\"><b>Essen und Trinken<\/b><\/p>\n<p>Die hauseigene K\u00fcche bietet viel Abwechslung. Es werden vier Mahlzeiten am Tag gereicht (bei Bedarf auch f\u00fcnf Mahlzeiten): Fr\u00fchst\u00fccksbuffet, Mittagessen mit Salatbuffet (Auswahl von mindestens zwei Gerichten), nachmittags gibt es Kaffee und Kuchen und am Abend wieder ein Buffet. Jeder Bewohner kann nach seinen W\u00fcnschen unbegrenzt Speisen und Getr\u00e4nke zu sich nehmen. Die K\u00fcche ist auf die Erfordernisse von Diabetikern und Patienten mit speziellen Di\u00e4ten eingerichtet. Die Mahlzeiten werden in den Speiser\u00e4umen der jeweiligen H\u00e4user eingenommen oder auf den Zimmern bzw. in den Wohnungen.<\/p>\n<p style=\"text-align: left;\">F\u00fcr individuelle Feiern stellen wir gern unseren Wintergarten bzw. den Gemeinschaftsraum im 3. Obergeschoss\/ Haus Friedrichstra\u00dfe zur Verf\u00fcgung. Unser Personal bereitet auf Wunsch die Tischdekoration vor und bedient w\u00e4hrend einer Feier.<\/p>\n<p style=\"text-align: left;\"><b>W\u00e4sche<\/b><\/p>\n<p>W\u00e4sche und Bekleidung (au\u00dfer Oberbekleidung) werden durch das Haus gewaschen. F\u00fcr Kleidungsst\u00fccke, die gereinigt werden m\u00fcssen, steht eine chemische Reinigung regelm\u00e4\u00dfig zur Verf\u00fcgung. Bettw\u00e4sche und Handt\u00fccher werden vom Haus gestellt und gereinigt. Die Leibw\u00e4sche wird ebenfalls von uns gereinigt. Weiterhin f\u00fchren wir auch kleinere N\u00e4harbeiten aus.<\/p>\n<p style=\"text-align: left;\"><b>Hausreinigung<\/b><\/p>\n<p>Die Zimmer und Wohnungen werden vom Reinigungspersonal ges\u00e4ubert und gepflegt.<\/p>\n<p style=\"text-align: left;\"><b>Friseur<\/b><\/p>\n<p>Im hauseigenen Friseursalon kann man sich versch\u00f6nern lassen.<\/p>\n<p style=\"text-align: left;\"><b>Des Weiteren stehen bei Bedarf folgende Service-Dienste kostenlos zur Verf\u00fcgung:<\/b><\/p>\n<p>Wocheneinkauf, Apothekendienst, Hausmeisterdienst, Bibliothek, Postversand, Briefkasten.<\/p>\n<p style=\"text-align: left;\">Ferner vermitteln wir Arzttermine, Krankengymnasten, Logop\u00e4den, Fu\u00dfpflegetermine im Haus, Taxifahrten zur medizinischen Versorgung, Service f\u00fcr Reparaturen von Brillen und H\u00f6rger\u00e4ten, im Bedarfsfall Fahrten zu Beh\u00f6rden, Einrichtungen des \u00f6ffentlichen Lebens u.\u00e4.<\/p>\n<p>[\/vc_column_text][\/vc_column][vc_column width=&#8220;1\/6&#8243;][\/vc_column][\/vc_row]<\/p>\n","protected":false},"excerpt":{"rendered":"<p>[vc_row full_width=&#8220;stretch_row_content_no_spaces&#8220;][vc_column][vc_single_image image=&#8220;389&#8243; img_size=&#8220;full&#8220; image_hovers=&#8220;false&#8220; css=&#8220;.vc_custom_1531915856357{margin-bottom: 0px !important;border-bottom-width: 0px !important;padding-bottom: 0px !important;}&#8220;][vc_separator color=&#8220;orange&#8220;][\/vc_column][\/vc_row][vc_row][vc_column width=&#8220;1\/6&#8243;][\/vc_column][vc_column width=&#8220;2\/3&#8243;][vc_column_text] Leistungen [\/vc_column_text][vc_column_text] Essen und Trinken Die hauseigene K\u00fcche bietet viel Abwechslung. Es werden vier Mahlzeiten am Tag gereicht (bei Bedarf auch f\u00fcnf Mahlzeiten): Fr\u00fchst\u00fccksbuffet, Mittagessen mit Salatbuffet (Auswahl von mindestens zwei Gerichten), nachmittags gibt es Kaffee und Kuchen und am&hellip;<\/p>\n","protected":false},"author":1,"featured_media":0,"parent":0,"menu_order":0,"comment_status":"closed","ping_status":"closed","template":"","meta":{"footnotes":""},"class_list":["post-16","page","type-page","status-publish","hentry","description-off"],"_links":{"self":[{"href":"https:\/\/domicil-gruppe.de\/neubadeilsen\/wp-json\/wp\/v2\/pages\/16","targetHints":{"allow":["GET"]}}],"collection":[{"href":"https:\/\/domicil-gruppe.de\/neubadeilsen\/wp-json\/wp\/v2\/pages"}],"about":[{"href":"https:\/\/domicil-gruppe.de\/neubadeilsen\/wp-json\/wp\/v2\/types\/page"}],"author":[{"embeddable":true,"href":"https:\/\/domicil-gruppe.de\/neubadeilsen\/wp-json\/wp\/v2\/users\/1"}],"replies":[{"embeddable":true,"href":"https:\/\/domicil-gruppe.de\/neubadeilsen\/wp-json\/wp\/v2\/comments?post=16"}],"version-history":[{"count":9,"href":"https:\/\/domicil-gruppe.de\/neubadeilsen\/wp-json\/wp\/v2\/pages\/16\/revisions"}],"predecessor-version":[{"id":419,"href":"https:\/\/domicil-gruppe.de\/neubadeilsen\/wp-json\/wp\/v2\/pages\/16\/revisions\/419"}],"wp:attachment":[{"href":"https:\/\/domicil-gruppe.de\/neubadeilsen\/wp-json\/wp\/v2\/media?parent=16"}],"curies":[{"name":"wp","href":"https:\/\/api.w.org\/{rel}","templated":true}]}}