{"id":14,"date":"2014-12-01T10:53:18","date_gmt":"2014-12-01T10:53:18","guid":{"rendered":"http:\/\/domicil-gruppe.de\/neubadeilsen\/?page_id=14"},"modified":"2018-11-30T08:38:26","modified_gmt":"2018-11-30T08:38:26","slug":"bad-eilsen","status":"publish","type":"page","link":"https:\/\/domicil-gruppe.de\/neubadeilsen\/bad-eilsen\/","title":{"rendered":"Bad Eilsen"},"content":{"rendered":"<p>[vc_row full_width=&#8220;stretch_row_content_no_spaces&#8220;][vc_column][vc_single_image image=&#8220;405&#8243; img_size=&#8220;full&#8220; image_hovers=&#8220;false&#8220; css=&#8220;.vc_custom_1531915769539{margin-bottom: 0px !important;border-bottom-width: 0px !important;padding-bottom: 0px !important;}&#8220;][vc_separator color=&#8220;orange&#8220;][\/vc_column][\/vc_row][vc_row][vc_column width=&#8220;1\/6&#8243;][\/vc_column][vc_column width=&#8220;2\/3&#8243;][vc_column_text]<\/p>\n<h2 style=\"text-align: center;\">Bad Eilsen<\/h2>\n<p>[\/vc_column_text]<div class=\"gap\" style=\"line-height: 15px; height: 15px;\"><\/div>[vc_column_text]<\/p>\n<p style=\"text-align: left;\">Erstmalig erw\u00e4hnt wurden die heilkr\u00e4ftigen Schwefelquellen in Bad Eilsen bereits 1642. Die ersten offiziellen Badeg\u00e4ste \u2013 meist f\u00fcrstlichen Gebl\u00fcts \u2013 kamen 1790. 12 Jahre sp\u00e4ter konnte sich Bad Eilsen r\u00fchmen, das erste Schlammbad Deutschlands zu sein. Bad Eilsen liegt in einer von waldreichen H\u00f6henz\u00fcgen umgebenen herrlichen Landschaft. Der Ort bietet viel Interessantes und bleibt dennoch so \u00fcberschaubar, dass man sich in k\u00fcrzester Zeit vertraut f\u00fchlt. Ganz besonders zu empfehlen sind die Parkanlagen mit Brunnen, Wasserspielen, Wasserlauf und vielen botanischen Seltenheiten. Im Kurpark kann man sich von Herzen ergehen.<\/p>\n<p style=\"text-align: justify;\">Der englische Park verbindet den historischen Kurpark mit dem \u201cNaturpark Harrl\u201d. Ohne \u00dcbergang f\u00fchrt der Bergkurpark in das \u201cNaturschutzgebiet B\u00fcckeberge\u201d. \u00dcberall laden B\u00e4nke zum Ausruhen ein. Wer sich sportlich bet\u00e4tigen m\u00f6chte, findet direkt neben dem Kurpark Gelegenheit zum Tennis- und Minigolfspielen. Ein modernes Bewegungstherapiebad ist dem Kurmittelhaus angegliedert und steht sieben Tage in der Woche zur Verf\u00fcgung. Ferner k\u00f6nnen Sie Veranstaltungen der Kureinrichtung wie Theater, Kino, Kabarett, Vortr\u00e4ge, Tanzabende u.a. nutzen. So finden Sie alle guten Voraussetzungen f\u00fcr einen geruhsamen Lebensabend in einer sch\u00f6nen Umgebung.<\/p>\n<p style=\"text-align: left;\">Bad Eilsen ist der traditionelle Kurort im sch\u00f6nen Weserbergland. Bei gesundheitlichen Problemen oder deren Vorsorge kann Ihnen hier geholfen werden, z.B. bei<\/p>\n<ul style=\"text-align: left;\">\n<li>Herz- und Kreislauferkrankungen<\/li>\n<li>Rheumatischen Beschwerden<\/li>\n<li>St\u00f6rungen im menschlichen Bewegungsapparat<\/li>\n<li>Atemwegsprobleme<\/li>\n<\/ul>\n<p style=\"text-align: left;\">In der Nachbarschaft zu unserer Einrichtung befinden sich Apotheken, Drogerien, Banken, Lebensmittel- und Textilgesch\u00e4fte, Friseure und Caf\u00e9s. Ebenfalls in der N\u00e4he sind Kurverwaltung, Gemeindeverwaltung, Postamt, Haus des Gastes, Museum, Kurmittelhaus und Busbahnhof.<\/p>\n<p>[\/vc_column_text][\/vc_column][vc_column width=&#8220;1\/6&#8243;][\/vc_column][\/vc_row]<\/p>\n","protected":false},"excerpt":{"rendered":"<p>[vc_row full_width=&#8220;stretch_row_content_no_spaces&#8220;][vc_column][vc_single_image image=&#8220;405&#8243; img_size=&#8220;full&#8220; image_hovers=&#8220;false&#8220; css=&#8220;.vc_custom_1531915769539{margin-bottom: 0px !important;border-bottom-width: 0px !important;padding-bottom: 0px !important;}&#8220;][vc_separator color=&#8220;orange&#8220;][\/vc_column][\/vc_row][vc_row][vc_column width=&#8220;1\/6&#8243;][\/vc_column][vc_column width=&#8220;2\/3&#8243;][vc_column_text] Bad Eilsen [\/vc_column_text][vc_column_text] Erstmalig erw\u00e4hnt wurden die heilkr\u00e4ftigen Schwefelquellen in Bad Eilsen bereits 1642. Die ersten offiziellen Badeg\u00e4ste \u2013 meist f\u00fcrstlichen Gebl\u00fcts \u2013 kamen 1790. 12 Jahre sp\u00e4ter konnte sich Bad Eilsen r\u00fchmen, das erste Schlammbad Deutschlands zu sein. Bad&hellip;<\/p>\n","protected":false},"author":1,"featured_media":0,"parent":0,"menu_order":0,"comment_status":"closed","ping_status":"closed","template":"","meta":{"footnotes":""},"class_list":["post-14","page","type-page","status-publish","hentry","description-off"],"_links":{"self":[{"href":"https:\/\/domicil-gruppe.de\/neubadeilsen\/wp-json\/wp\/v2\/pages\/14","targetHints":{"allow":["GET"]}}],"collection":[{"href":"https:\/\/domicil-gruppe.de\/neubadeilsen\/wp-json\/wp\/v2\/pages"}],"about":[{"href":"https:\/\/domicil-gruppe.de\/neubadeilsen\/wp-json\/wp\/v2\/types\/page"}],"author":[{"embeddable":true,"href":"https:\/\/domicil-gruppe.de\/neubadeilsen\/wp-json\/wp\/v2\/users\/1"}],"replies":[{"embeddable":true,"href":"https:\/\/domicil-gruppe.de\/neubadeilsen\/wp-json\/wp\/v2\/comments?post=14"}],"version-history":[{"count":10,"href":"https:\/\/domicil-gruppe.de\/neubadeilsen\/wp-json\/wp\/v2\/pages\/14\/revisions"}],"predecessor-version":[{"id":434,"href":"https:\/\/domicil-gruppe.de\/neubadeilsen\/wp-json\/wp\/v2\/pages\/14\/revisions\/434"}],"wp:attachment":[{"href":"https:\/\/domicil-gruppe.de\/neubadeilsen\/wp-json\/wp\/v2\/media?parent=14"}],"curies":[{"name":"wp","href":"https:\/\/api.w.org\/{rel}","templated":true}]}}