{"id":12,"date":"2014-12-01T10:53:00","date_gmt":"2014-12-01T10:53:00","guid":{"rendered":"http:\/\/domicil-gruppe.de\/neubadeilsen\/?page_id=12"},"modified":"2018-07-18T12:16:35","modified_gmt":"2018-07-18T12:16:35","slug":"wohnen","status":"publish","type":"page","link":"https:\/\/domicil-gruppe.de\/neubadeilsen\/wohnen\/","title":{"rendered":"Wohnen"},"content":{"rendered":"<p>[vc_row full_width=&#8220;stretch_row_content_no_spaces&#8220;][vc_column][vc_single_image image=&#8220;393&#8243; img_size=&#8220;full&#8220; image_hovers=&#8220;false&#8220; css=&#8220;.vc_custom_1531916164496{margin-bottom: 0px !important;border-bottom-width: 0px !important;padding-bottom: 0px !important;}&#8220;][vc_separator color=&#8220;orange&#8220;][\/vc_column][\/vc_row][vc_row][vc_column width=&#8220;1\/6&#8243;][\/vc_column][vc_column width=&#8220;2\/3&#8243;][vc_column_text]<\/p>\n<h2 style=\"text-align: center;\">Wohnen<\/h2>\n<p>[\/vc_column_text][vc_column_text]<strong>Zimmer<\/strong><br \/>\nUnsere Einrichtung verf\u00fcgt \u00fcber 42 Einzelzimmer und acht Doppelzimmer. Alle sind voll ausgestattet mit einem Pflegebett, Nachttisch, Kleiderschrank und einem Sideboard mit K\u00fchlschrank. An jedes Zimmer ist eine behindertengerechte Nasszelle mit Dusche, WC, Waschbecken, Haltegriffen usw. angeschlossen. Weiterhin verf\u00fcgt jedes Zimmer \u00fcber einen Fernseh- und Telefonanschluss und eine Notrufanlage.<br \/>\n[\/vc_column_text][vc_media_grid element_width=&#8220;3&#8243; initial_loading_animation=&#8220;none&#8220; grid_id=&#8220;vc_gid:1531915754361-c1aa2ab0-5ba1-6&#8243; include=&#8220;342,343,344,345,347,349,350,351&#8243;][vc_column_text]<strong>2-Zimmer-Pflegewohnungen<\/strong><br \/>\nWir verf\u00fcgen \u00fcber 25 Wohneinheiten mit je einer Gr\u00f6\u00dfe von 40 qm f\u00fcr eine Person und bis 60 qm f\u00fcr zwei Personen. Die Wohnungen bestehen aus einem Wohnraum, einem Schlafzimmer, einer Pantryk\u00fcche (Elektroherd, Sp\u00fcle. Dunstabzugshaube, K\u00fchlschrank mit Gefrierfach), einem Abstellraum, einem Flur und einer behindertengerechten Nasszelle mit Dusche, WC, Haltegriffen etc. sowie einer Terrasse bzw. einem Balkon. F\u00fcr den Wohnbereich k\u00f6nnen eigene M\u00f6bel mitgebracht werden. Die Schlafzimmer sind ausgestattet mit einem Pflegebett, einem Nachttisch und einem Kleiderschrank. In den Wohnungen befinden sich Anschl\u00fcsse f\u00fcr Rundfunk und Kabelfernsehen.<\/p>\n<p>In beiden H\u00e4usern sind die einzelnen Etagen mit einem gro\u00dfen Fahrstuhl (auch f\u00fcr liegende Transporte geeignet) zu erreichen. Hausinterne Fernseh\u00fcbertragungen k\u00f6nnen in Zimmern und Wohnungen empfangen werden.<\/p>\n<p><strong>Gemeinschaftsr\u00e4ume<\/strong><br \/>\nIn unserem Haus stehen den Bewohnern mehrere Gemeinschaftsr\u00e4ume zur Verf\u00fcgung. Dazu z\u00e4hlen die beiden Speises\u00e4le der jeweiligen H\u00e4user, ein Wintergarten, eine Bibliothek, ein Fernsehraum und ein Therapie- bzw. Gymnastikraum.<\/p>\n<p>[\/vc_column_text][\/vc_column][vc_column width=&#8220;1\/6&#8243;][\/vc_column][\/vc_row]<\/p>\n","protected":false},"excerpt":{"rendered":"<p>[vc_row full_width=&#8220;stretch_row_content_no_spaces&#8220;][vc_column][vc_single_image image=&#8220;393&#8243; img_size=&#8220;full&#8220; image_hovers=&#8220;false&#8220; css=&#8220;.vc_custom_1531916164496{margin-bottom: 0px !important;border-bottom-width: 0px !important;padding-bottom: 0px !important;}&#8220;][vc_separator color=&#8220;orange&#8220;][\/vc_column][\/vc_row][vc_row][vc_column width=&#8220;1\/6&#8243;][\/vc_column][vc_column width=&#8220;2\/3&#8243;][vc_column_text] Wohnen [\/vc_column_text][vc_column_text]Zimmer Unsere Einrichtung verf\u00fcgt \u00fcber 42 Einzelzimmer und acht Doppelzimmer. Alle sind voll ausgestattet mit einem Pflegebett, Nachttisch, Kleiderschrank und einem Sideboard mit K\u00fchlschrank. An jedes Zimmer ist eine behindertengerechte Nasszelle mit Dusche, WC, Waschbecken, Haltegriffen usw. angeschlossen. Weiterhin&hellip;<\/p>\n","protected":false},"author":1,"featured_media":0,"parent":0,"menu_order":0,"comment_status":"closed","ping_status":"closed","template":"","meta":{"footnotes":""},"class_list":["post-12","page","type-page","status-publish","hentry","description-off"],"_links":{"self":[{"href":"https:\/\/domicil-gruppe.de\/neubadeilsen\/wp-json\/wp\/v2\/pages\/12","targetHints":{"allow":["GET"]}}],"collection":[{"href":"https:\/\/domicil-gruppe.de\/neubadeilsen\/wp-json\/wp\/v2\/pages"}],"about":[{"href":"https:\/\/domicil-gruppe.de\/neubadeilsen\/wp-json\/wp\/v2\/types\/page"}],"author":[{"embeddable":true,"href":"https:\/\/domicil-gruppe.de\/neubadeilsen\/wp-json\/wp\/v2\/users\/1"}],"replies":[{"embeddable":true,"href":"https:\/\/domicil-gruppe.de\/neubadeilsen\/wp-json\/wp\/v2\/comments?post=12"}],"version-history":[{"count":16,"href":"https:\/\/domicil-gruppe.de\/neubadeilsen\/wp-json\/wp\/v2\/pages\/12\/revisions"}],"predecessor-version":[{"id":423,"href":"https:\/\/domicil-gruppe.de\/neubadeilsen\/wp-json\/wp\/v2\/pages\/12\/revisions\/423"}],"wp:attachment":[{"href":"https:\/\/domicil-gruppe.de\/neubadeilsen\/wp-json\/wp\/v2\/media?parent=12"}],"curies":[{"name":"wp","href":"https:\/\/api.w.org\/{rel}","templated":true}]}}