{"id":10,"date":"2014-12-01T10:52:34","date_gmt":"2014-12-01T10:52:34","guid":{"rendered":"http:\/\/domicil-gruppe.de\/neubadeilsen\/?page_id=10"},"modified":"2018-07-18T12:14:17","modified_gmt":"2018-07-18T12:14:17","slug":"unser-haus","status":"publish","type":"page","link":"https:\/\/domicil-gruppe.de\/neubadeilsen\/unser-haus\/","title":{"rendered":"Unser Haus"},"content":{"rendered":"<p>[vc_row full_width=&#8220;stretch_row_content_no_spaces&#8220;][vc_column][vc_single_image image=&#8220;392&#8243; img_size=&#8220;full&#8220; image_hovers=&#8220;false&#8220; css=&#8220;.vc_custom_1531916043437{margin-bottom: 0px !important;border-bottom-width: 0px !important;padding-bottom: 0px !important;}&#8220;][vc_separator color=&#8220;orange&#8220;][\/vc_column][\/vc_row][vc_row][vc_column width=&#8220;1\/6&#8243;][\/vc_column][vc_column width=&#8220;2\/3&#8243;][vc_column_text]<\/p>\n<h2 style=\"text-align: center;\">Unser Haus<\/h2>\n<p>[\/vc_column_text][vc_column_text]Das SENIOREN-DOMICIL AM KURPARK liegt, wie es der Name bereits verspricht, direkt am wundersch\u00f6nen Kurpark von Bad Eilsen. Die Senioren-Einrichtung besteht seit \u00fcber 30 Jahren und ist in zwei nebeneinander liegenden H\u00e4usern etabliert. Durch umfassende Umbau- und Neubauma\u00dfnahmen entspricht sie den modernsten Anspr\u00fcchen bez\u00fcglich Wohnkomfort und Pflegestandard. Alle Bereiche unserer H\u00e4user sind behindertengerecht ausgestattet, um unseren Bewohnern das allt\u00e4gliche Leben zu erleichtern.<br \/>\n[\/vc_column_text][vc_media_grid element_width=&#8220;2&#8243; initial_loading_animation=&#8220;none&#8220; grid_id=&#8220;vc_gid:1531915746776-28da8fb8-3572-9&#8243; include=&#8220;329,330,331,332,333,334,335,336,337,338,339,340&#8243;][vc_column_text]Erfahrene und geschulte Fachkr\u00e4fte, die regelm\u00e4\u00dfig in Seminaren fortgebildet werden, gew\u00e4hrleisten eine intensive und vor allem sehr pers\u00f6nliche und liebevolle Betreuung und Pflege der Bewohner. Sie erhalten eine individuelle und umfassende medizinische und pflegerische Versorgung zur Alle Service-, Betreuungs- und Versorgungsangebote unserer H\u00e4user sind so aufeinander abgestimmt, dass ein geselliges und ungebundenes, aber auch geborgenes Leben gew\u00e4hrleistet ist. Unsere Bewohner k\u00f6nnen alle zus\u00e4tzlichen Angebote nach pers\u00f6nlichen W\u00fcnschen und Bed\u00fcrfnissen frei w\u00e4hlen.<br \/>\nUnser Haus erf\u00fcllt alle Kriterien f\u00fcr eine vollstation\u00e4re Pflege. Zur famili\u00e4ren Entlastung bieten wir au\u00dferdem Kurzzeitpflege an. Sie k\u00f6nnen unser Haus auch als Altersruhesitz w\u00e4hlen. Bei Bedarf stellen wir Ihnen dann Pflege und Betreuung in vollem Umfang zur Verf\u00fcgung.<\/p>\n<p>Unser Ziel ist es, unseren Bewohnern in einem menschlichen Miteinander das Leben im Alter wirklich lebenswert und auch leichter zu machen.<br \/>\n[\/vc_column_text][\/vc_column][vc_column width=&#8220;1\/6&#8243;][\/vc_column][\/vc_row]<\/p>\n","protected":false},"excerpt":{"rendered":"<p>[vc_row full_width=&#8220;stretch_row_content_no_spaces&#8220;][vc_column][vc_single_image image=&#8220;392&#8243; img_size=&#8220;full&#8220; image_hovers=&#8220;false&#8220; css=&#8220;.vc_custom_1531916043437{margin-bottom: 0px !important;border-bottom-width: 0px !important;padding-bottom: 0px !important;}&#8220;][vc_separator color=&#8220;orange&#8220;][\/vc_column][\/vc_row][vc_row][vc_column width=&#8220;1\/6&#8243;][\/vc_column][vc_column width=&#8220;2\/3&#8243;][vc_column_text] Unser Haus [\/vc_column_text][vc_column_text]Das SENIOREN-DOMICIL AM KURPARK liegt, wie es der Name bereits verspricht, direkt am wundersch\u00f6nen Kurpark von Bad Eilsen. Die Senioren-Einrichtung besteht seit \u00fcber 30 Jahren und ist in zwei nebeneinander liegenden H\u00e4usern etabliert. Durch umfassende Umbau- und Neubauma\u00dfnahmen&hellip;<\/p>\n","protected":false},"author":1,"featured_media":0,"parent":0,"menu_order":0,"comment_status":"closed","ping_status":"closed","template":"","meta":{"footnotes":""},"class_list":["post-10","page","type-page","status-publish","hentry","description-off"],"_links":{"self":[{"href":"https:\/\/domicil-gruppe.de\/neubadeilsen\/wp-json\/wp\/v2\/pages\/10","targetHints":{"allow":["GET"]}}],"collection":[{"href":"https:\/\/domicil-gruppe.de\/neubadeilsen\/wp-json\/wp\/v2\/pages"}],"about":[{"href":"https:\/\/domicil-gruppe.de\/neubadeilsen\/wp-json\/wp\/v2\/types\/page"}],"author":[{"embeddable":true,"href":"https:\/\/domicil-gruppe.de\/neubadeilsen\/wp-json\/wp\/v2\/users\/1"}],"replies":[{"embeddable":true,"href":"https:\/\/domicil-gruppe.de\/neubadeilsen\/wp-json\/wp\/v2\/comments?post=10"}],"version-history":[{"count":16,"href":"https:\/\/domicil-gruppe.de\/neubadeilsen\/wp-json\/wp\/v2\/pages\/10\/revisions"}],"predecessor-version":[{"id":422,"href":"https:\/\/domicil-gruppe.de\/neubadeilsen\/wp-json\/wp\/v2\/pages\/10\/revisions\/422"}],"wp:attachment":[{"href":"https:\/\/domicil-gruppe.de\/neubadeilsen\/wp-json\/wp\/v2\/media?parent=10"}],"curies":[{"name":"wp","href":"https:\/\/api.w.org\/{rel}","templated":true}]}}